{"id":1485,"date":"2024-09-30T10:23:00","date_gmt":"2024-09-30T09:23:00","guid":{"rendered":"https:\/\/www.esquisses.eu\/revue\/?page_id=1485"},"modified":"2024-10-05T08:35:24","modified_gmt":"2024-10-05T07:35:24","slug":"meta-%ce%bc%ce%b5%cf%84%ce%ac","status":"publish","type":"page","link":"https:\/\/www.esquisses.eu\/revue\/thematique\/meta-%ce%bc%ce%b5%cf%84%ce%ac\/","title":{"rendered":"Meta, \u03bc\u03b5\u03c4\u03ac"},"content":{"rendered":"\n<p><mark style=\"background-color:rgba(0, 0, 0, 0)\" class=\"has-inline-color has-cyan-bluish-gray-color\"><em><strong>Au-del\u00e0, apr\u00e8s<\/strong><\/em><\/mark><\/p>\n\n\n\n<p class=\"has-text-align-justify\"><br>Meta, \u03bc\u03b5\u03c4\u03ac est la sixi\u00e8me th\u00e9matique de la revue, pens\u00e9e comme un renouveau \u00e0 l&rsquo;heure o\u00f9 est retrac\u00e9e <a href=\"https:\/\/www.esquisses.eu\/revue\/presentation\/\" data-type=\"URL\" data-id=\"https:\/\/www.esquisses.eu\/revue\/presentation\/\">une ligne \u00e9ditoriale<\/a> se voulant toujours plus proche du mouvement en cr\u00e9ation de la pens\u00e9e et revendiquant la pluralit\u00e9 des approches.<\/p>\n\n\n\n<p class=\"has-text-align-justify\">Si le terme est aujourd&rsquo;hui \u00e0 la mode, notamment pour esquisser l&rsquo;avenir d&rsquo;univers num\u00e9riques absorbant nos sens et nous promettant des vies parall\u00e8les, simul\u00e9es et virtuelles (loin, l\u00e0 aussi, de l&rsquo;\u00e9tymologie grecque), il nous semble important de nous r\u00e9approprier le radical <em>meta<\/em>. Avant de composer un mot, m\u00e9ta d\u00e9signe l&rsquo;autor\u00e9f\u00e9rencement, ce qui dans et au-del\u00e0 de l&rsquo;objet r\u00e9fl\u00e9chit \u00e0 l&rsquo;objet lui-m\u00eame. Les auteurs de ce num\u00e9ro ont toujours rappel\u00e9 la question du m\u00e9talangage dans leurs analyses, aussi \u00e9loign\u00e9es semblent-elles. <\/p>\n\n\n\n<p class=\"has-text-align-justify\">Chaque champ d&rsquo;expression, qu&rsquo;il s&rsquo;agisse de peinture, de sculpture, d&rsquo;architecture, de cin\u00e9ma, de po\u00e9sie ou de philosophie, a \u00e9t\u00e9 questionn\u00e9 pour lui-m\u00eame, ainsi que ses conditions d&rsquo;existence, selon un point de vue pr\u00e9cis, une certaine sensibilit\u00e9. Voire m\u00eame selon une perspective historique au sens o\u00f9 certains articles articulent \u00e0 la cr\u00e9ation la notion de modernit\u00e9. <a rel=\"noreferrer noopener\" href=\"https:\/\/www.esquisses.eu\/revue\/le-blockbuster-hollywoodien-contemporain-a-lepoque-de-sa-production-desthetiques-multiverselles-et-metamodernes-thibault-jeandemange\/\" target=\"_blank\">Thibault Jeandemange<\/a> nous invite ainsi \u00e0 penser la m\u00e9tamodernit\u00e9 pr\u00e9cis\u00e9ment \u00e0 travers un cin\u00e9ma qualifi\u00e9 de \u00ab\u00a0m\u00e9ta\u00a0\u00bb. Ses analyses et comparaisons de blockbusters am\u00e9ricains sortis ces derni\u00e8res ann\u00e9es sugg\u00e8rent la complexit\u00e9 d&rsquo;une mise en abyme fictionnelle. O\u00f9 se dit l&rsquo;au-del\u00e0 de l\u2019\u0153uvre ? C&rsquo;est une des questions fondamentale, d\u00e9passant toute r\u00e9f\u00e9rence historicisante, traversant l&rsquo;ensemble de cette publication. L&rsquo;art contemporain, sous la plume de <a rel=\"noreferrer noopener\" href=\"https:\/\/www.esquisses.eu\/revue\/les-eclipses-du-signe-la-metalitteralite-ou-lechec-de-lobjectivisme-artistique-corentin-delcambre\/\" target=\"_blank\">Corentin Delcambre<\/a>, pose pr\u00e9cis\u00e9ment la question de la litt\u00e9ralit\u00e9 \u00e0 travers un ensemble d\u2019\u0153uvres minimalistes s&rsquo;en r\u00e9clamant. Quand \u00e0 l&rsquo;unique travail plastique qui nous est propos\u00e9 dans ce num\u00e9ro, il n&rsquo;est pas seulement la forme n\u00e9e de la r\u00e9flexion d&rsquo;<a rel=\"noreferrer noopener\" href=\"https:\/\/www.esquisses.eu\/revue\/quand-la-mer-se-retire-adriana-popovic-marie-le-meur\/\" target=\"_blank\">Adriana Popovic<\/a> au sujet du corps de demain. C&rsquo;est aussi le regard qu&rsquo;il a suscit\u00e9 aupr\u00e8s des membres de la revue et qui a abouti \u00e0 un texte de <a rel=\"noreferrer noopener\" href=\"https:\/\/www.esquisses.eu\/revue\/quand-la-mer-se-retire-adriana-popovic-marie-le-meur\/\" target=\"_blank\">Marie Le Meur<\/a>. Dans l&rsquo;entre repose le pouvoir du dire. A la question de l&rsquo;au-del\u00e0 de l\u2019\u0153uvre s&rsquo;accorde celle du lieu de la parole. <a rel=\"noreferrer noopener\" href=\"https:\/\/www.esquisses.eu\/revue\/la-metanoia-dialogue-entre-socrate-et-albert-camus-fabienne-potherat\/\" target=\"_blank\">Fabienne Potherat<\/a> a choisi de le mettre en sc\u00e8ne, litt\u00e9ralement, en convoquant deux philosophes, Socrate et Albert Camus. Au bord de l&rsquo;ab\u00eeme mallarm\u00e9en, <a rel=\"noreferrer noopener\" href=\"https:\/\/www.esquisses.eu\/revue\/le-meta-de-la-metaphysique-ou-limpossible-pensee-de-lombre-traversante-camille-herve\/\" target=\"_blank\">Camille Herv\u00e9<\/a> nous plonge, elle, dans une longue travers\u00e9e du m\u00e9ta de la m\u00e9taphysique. Le m\u00e9talangage, comme une pierre que l&rsquo;on retourne dans la paume de sa main, refl\u00e8te deux facettes d&rsquo;une m\u00eame pens\u00e9e\u00a0: esth\u00e9tique et psychanalyse. Car le m\u00e9ta du langage pose la question du fondamental de l&rsquo;homme. <a rel=\"noreferrer noopener\" href=\"https:\/\/www.esquisses.eu\/revue\/la-matrice-des-anteformes-une-cartographie-des-formes-architecturales-en-metamorphose-thomas-richard\/\" target=\"_blank\">Thomas Richard<\/a> propose justement ses ant\u00e9formes architecturales en dialogue constant avec un penseur du fondamental ou de l&rsquo;originaire qu&rsquo;est Henri Maldiney. Le lecteur pourra retrouver une autre r\u00e9f\u00e9rence \u00e0 ce m\u00eame penseur dans l&rsquo;article de <a rel=\"noreferrer noopener\" href=\"https:\/\/www.esquisses.eu\/revue\/quest-ce-que-la-metapsychologie-bernard-salignon\/\" target=\"_blank\">Bernard Salignon<\/a> qui s&rsquo;attache aux pulsions de vie et de mort constituant une part du long travail de Freud sur ce qu&rsquo;il appelle la \u00ab\u00a0m\u00e9tapsychologie\u00a0\u00bb. Enfin, embrassant l\u2019\u0153uvre du philosophe Raymond Ruyer, <a rel=\"noreferrer noopener\" href=\"https:\/\/www.esquisses.eu\/revue\/lesprit-metaphysique-de-raymond-ruyer-habib-bardi\/\" target=\"_blank\">Habib Bardi<\/a> en expose la pens\u00e9e m\u00e9taphysique, une pens\u00e9e vivante, en construction, prenant racine dans les d\u00e9couvertes scientifiques contemporaines.<\/p>\n\n\n\n<figure class=\"wp-block-image size-full is-resized\"><a href=\"https:\/\/i0.wp.com\/www.esquisses.eu\/revue\/wp-content\/uploads\/2023\/08\/Fond_blanc.png?ssl=1\"><img data-attachment-id=\"1029\" data-permalink=\"https:\/\/www.esquisses.eu\/revue\/la-photographie-a-lepreuve-de-la-nuit-fps-60-de-liz-deschenes-helene-kuchmann\/fond_blanc\/\" data-orig-file=\"https:\/\/i0.wp.com\/www.esquisses.eu\/revue\/wp-content\/uploads\/2023\/08\/Fond_blanc.png?fit=750%2C450&amp;ssl=1\" data-orig-size=\"750,450\" data-comments-opened=\"0\" data-image-meta=\"{&quot;aperture&quot;:&quot;0&quot;,&quot;credit&quot;:&quot;&quot;,&quot;camera&quot;:&quot;&quot;,&quot;caption&quot;:&quot;&quot;,&quot;created_timestamp&quot;:&quot;0&quot;,&quot;copyright&quot;:&quot;&quot;,&quot;focal_length&quot;:&quot;0&quot;,&quot;iso&quot;:&quot;0&quot;,&quot;shutter_speed&quot;:&quot;0&quot;,&quot;title&quot;:&quot;&quot;,&quot;orientation&quot;:&quot;0&quot;}\" data-image-title=\"Fond_blanc\" data-image-description=\"\" data-image-caption=\"\" data-medium-file=\"https:\/\/i0.wp.com\/www.esquisses.eu\/revue\/wp-content\/uploads\/2023\/08\/Fond_blanc.png?fit=300%2C180&amp;ssl=1\" data-large-file=\"https:\/\/i0.wp.com\/www.esquisses.eu\/revue\/wp-content\/uploads\/2023\/08\/Fond_blanc.png?fit=750%2C450&amp;ssl=1\" decoding=\"async\" loading=\"lazy\" src=\"https:\/\/i0.wp.com\/www.esquisses.eu\/revue\/wp-content\/uploads\/2023\/08\/Fond_blanc.png?resize=33%2C20&#038;ssl=1\" alt=\"\" class=\"wp-image-1029\" width=\"33\" height=\"20\" srcset=\"https:\/\/i0.wp.com\/www.esquisses.eu\/revue\/wp-content\/uploads\/2023\/08\/Fond_blanc.png?w=750&amp;ssl=1 750w, https:\/\/i0.wp.com\/www.esquisses.eu\/revue\/wp-content\/uploads\/2023\/08\/Fond_blanc.png?resize=300%2C180&amp;ssl=1 300w\" sizes=\"(max-width: 33px) 100vw, 33px\" data-recalc-dims=\"1\" \/><\/a><\/figure>\n\n\n\n<p><strong>Liens vers les articles : <\/strong><\/p>\n\n\n\n<p><a rel=\"noreferrer noopener\" href=\"https:\/\/www.esquisses.eu\/revue\/la-metanoia-dialogue-entre-socrate-et-albert-camus-fabienne-potherat\/\" target=\"_blank\"><em>La m\u00e9tano\u00efa, Dialogue entre Socrate et Albert Camus<\/em><\/a> de Fabienne Potherat<\/p>\n\n\n\n<p><a rel=\"noreferrer noopener\" href=\"https:\/\/www.esquisses.eu\/revue\/quest-ce-que-la-metapsychologie-bernard-salignon\/\" target=\"_blank\"><em>Qu&rsquo;est-ce que la m\u00e9tapsychologie ?<\/em><\/a> de Bernard Salignon<\/p>\n\n\n\n<p><a rel=\"noreferrer noopener\" href=\"https:\/\/www.esquisses.eu\/revue\/le-meta-de-la-metaphysique-ou-limpossible-pensee-de-lombre-traversante-camille-herve\/\" target=\"_blank\"><em>Le m\u00e9ta de la m\u00e9taphysique ou l&rsquo;impossible pens\u00e9e de l&rsquo;ombre traversante<\/em><\/a> de Camille Herv\u00e9<\/p>\n\n\n\n<p><a rel=\"noreferrer noopener\" href=\"https:\/\/www.esquisses.eu\/revue\/quand-la-mer-se-retire-adriana-popovic-marie-le-meur\/\" target=\"_blank\"><em>Quand la mer se retire<\/em><\/a> de Adriana Popovi\u0107 &amp; Marie Le Meur<\/p>\n\n\n\n<p><a rel=\"noreferrer noopener\" href=\"https:\/\/www.esquisses.eu\/revue\/lesprit-metaphysique-de-raymond-ruyer-habib-bardi\/\" target=\"_blank\"><em>L&rsquo;esprit m\u00e9taphysique de Raymond Ruyer<\/em><\/a> de Habib Bardi<\/p>\n\n\n\n<p><a rel=\"noreferrer noopener\" href=\"https:\/\/www.esquisses.eu\/revue\/la-matrice-des-anteformes-une-cartographie-des-formes-architecturales-en-metamorphose-thomas-richard\/\" target=\"_blank\"><em>La matrice des ant\u00e9formes : une cartographie des formes architecturales en m\u00e9tamorphose<\/em><\/a> de Thomas Richard<\/p>\n\n\n\n<p><a rel=\"noreferrer noopener\" href=\"https:\/\/www.esquisses.eu\/revue\/les-eclipses-du-signe-la-metalitteralite-ou-lechec-de-lobjectivisme-artistique-corentin-delcambre\/\" target=\"_blank\"><em>Les \u00e9clipses du signe, la m\u00e9talitt\u00e9ralit\u00e9 ou l&rsquo;\u00e9chec de l&rsquo;objectivisme artistique<\/em><\/a> de Corentin Delcambre<\/p>\n\n\n\n<p><em><a rel=\"noreferrer noopener\" href=\"https:\/\/www.esquisses.eu\/revue\/le-blockbuster-hollywoodien-contemporain-a-lepoque-de-sa-production-desthetiques-multiverselles-et-metamodernes-thibault-jeandemange\/\" target=\"_blank\">Le blockbuster hollywoodien contemporain \u00e0 l\u2019\u00e9poque de sa production d\u2019esth\u00e9tiques multiverselles et m\u00e9tamodernes<\/a><\/em> de Thibault Jeandemange.<\/p>\n","protected":false},"excerpt":{"rendered":"<p>Au-del\u00e0, apr\u00e8s Meta, \u03bc\u03b5\u03c4\u03ac est la sixi\u00e8me th\u00e9matique de la revue, pens\u00e9e comme un renouveau \u00e0 l&rsquo;heure o\u00f9 est retrac\u00e9e une ligne \u00e9ditoriale se voulant toujours plus proche du mouvement en cr\u00e9ation de la pens\u00e9e et revendiquant la pluralit\u00e9 des approches. Si le terme est aujourd&rsquo;hui \u00e0 la mode, notamment pour esquisser l&rsquo;avenir d&rsquo;univers num\u00e9riques [&hellip;]<\/p>\n","protected":false},"author":6,"featured_media":0,"parent":28,"menu_order":1,"comment_status":"closed","ping_status":"closed","template":"","meta":{"jetpack_post_was_ever_published":false},"jetpack_sharing_enabled":true,"jetpack_shortlink":"https:\/\/wp.me\/P8FFEZ-nX","jetpack-related-posts":[{"id":28,"url":"https:\/\/www.esquisses.eu\/revue\/thematique\/","url_meta":{"origin":1485,"position":0},"title":"Th\u00e9matiques","author":"Administrateur","date":"10 juin 2015","format":false,"excerpt":"La page Th\u00e9matiques de cette revue pr\u00e9sente une multiplicit\u00e9 de textes, choisis pour cr\u00e9er un croisement sur un m\u00eame th\u00e8me, un miroir kal\u00e9idoscopique comme autant de visions singuli\u00e8res afin de d\u00e9ployer l'esquisse d'un cheminement transdisciplinaire. Souffle, la septi\u00e8me th\u00e9matique, a inspir\u00e9 musiciens, plasticiens, po\u00e8tes et amis des lettres. Novembre 2025.\u2026","rel":"","context":"Avec 1 commentaire","block_context":{"text":"Avec 1 commentaire","link":"https:\/\/www.esquisses.eu\/revue\/thematique\/#comments"},"img":{"alt_text":"","src":"","width":0,"height":0},"classes":[]},{"id":4,"url":"https:\/\/www.esquisses.eu\/revue\/presentation\/","url_meta":{"origin":1485,"position":1},"title":"Pr\u00e9sentation","author":"Administrateur","date":"10 juin 2015","format":false,"excerpt":"Esquisses, en mouvement Manifeste Une revue en ligne et quelques fois en papierUn espace \u00e0 la crois\u00e9e des chemins inexplor\u00e9s, in(d\u00e9)finis,o\u00f9 viennent s\u2019\u00e9baucher des textes, des \u0153uvres plastiques, musicales,cin\u00e9matographiques, sous toutes leurs formes, dans un geste cr\u00e9atifessentiel, dans le flux qui l\u2019anime.Un espace en miroir, inachev\u00e9, ouvert,o\u00f9 viennent se refl\u00e9ter,\u2026","rel":"","context":"Avec 2 commentaires","block_context":{"text":"Avec 2 commentaires","link":"https:\/\/www.esquisses.eu\/revue\/presentation\/#comments"},"img":{"alt_text":"","src":"","width":0,"height":0},"classes":[]},{"id":121,"url":"https:\/\/www.esquisses.eu\/revue\/thematique\/presences\/","url_meta":{"origin":1485,"position":2},"title":"Pr\u00e9sences","author":"Administrateur","date":"4 f\u00e9vrier 2016","format":false,"excerpt":"Notre revue en ligne, donne \u00e0 travers les textes d\u2019auteurs (chercheurs, universitaires et analystes) une id\u00e9e en mouvement de la pr\u00e9sence comme travers\u00e9e et envoi d\u2019\u00e9criture h\u00e9t\u00e9rog\u00e8ne, qui chacune ouvre des br\u00e8ches, cr\u00e9e des singularit\u00e9s, donne \u00e0 penser. Et si le pr\u00e9sent se d\u00e9cline entre ce qui est et ce\u2026","rel":"","context":"Article similaire","block_context":{"text":"Article similaire","link":""},"img":{"alt_text":"","src":"","width":0,"height":0},"classes":[]},{"id":19,"url":"https:\/\/www.esquisses.eu\/revue\/creations\/","url_meta":{"origin":1485,"position":3},"title":"Cr\u00e9ations","author":"Pauline DESIDERIO","date":"10 juin 2015","format":false,"excerpt":"Cette rubrique est consacr\u00e9e au geste cr\u00e9atif dans ses expressions multiples tels que l'\u00e9criture po\u00e9tique, la peinture, la sculpture, l'architecture, le dessin... \u00c0 la lisi\u00e8re entre recherche et conception, ces productions ouvrent le champ des questionnements esth\u00e9tiques, esquissent la travers\u00e9e de la pens\u00e9e. D'un mouvement en accomplissement, une subjectivit\u00e9 est\u2026","rel":"","context":"Avec 2 commentaires","block_context":{"text":"Avec 2 commentaires","link":"https:\/\/www.esquisses.eu\/revue\/creations\/#comments"},"img":{"alt_text":"","src":"","width":0,"height":0},"classes":[]},{"id":965,"url":"https:\/\/www.esquisses.eu\/revue\/thematique\/nuit\/","url_meta":{"origin":1485,"position":4},"title":"Nuit","author":"Administrateur","date":"6 septembre 2023","format":false,"excerpt":"\u00c0 l'aube d'une nouvelle \u00e9dition de la revue Esquisses, quelques mots de Bernard Salignon pour ouvrir la th\u00e9matique Nuit avant de d\u00e9couvrir les textes et les cr\u00e9ations. La nuit sort d\u2019un \u00e9clair Si le jour nous met dans la finitude concr\u00e8te du monde et des objets que nous voyons, si\u2026","rel":"","context":"Article similaire","block_context":{"text":"Article similaire","link":""},"img":{"alt_text":"","src":"","width":0,"height":0},"classes":[]},{"id":2674,"url":"https:\/\/www.esquisses.eu\/revue\/thematique\/souffle\/","url_meta":{"origin":1485,"position":5},"title":"Souffle","author":"Administrateur","date":"10 novembre 2025","format":false,"excerpt":"Esquisses \u2013 en mouvement s'enrichit ce mois de novembre 2025 d'une septi\u00e8me th\u00e9matique\u00a0:\u00a0Souffle. D\u2019une puissance po\u00e9tique certaine, Souffle a inspir\u00e9 autant d\u2019approches cr\u00e9atrices \u2013 po\u00e8mes, sculptures, musique, feuillets d'artiste, photographies \u2013 que d\u2019approches litt\u00e9raires \u2013 \u00e9tudes d\u2019\u00e9critures, analyses d\u2019un roman, d\u2019une pi\u00e8ce de th\u00e9\u00e2tre, d\u2019\u0153uvres po\u00e9tiques. Cette richesse de perspectives\u2026","rel":"","context":"Article similaire","block_context":{"text":"Article similaire","link":""},"img":{"alt_text":"","src":"https:\/\/i0.wp.com\/www.esquisses.eu\/revue\/wp-content\/uploads\/2025\/10\/Fond_blanc-3.png?resize=350%2C200&ssl=1","width":350,"height":200},"classes":[]}],"_links":{"self":[{"href":"https:\/\/www.esquisses.eu\/revue\/wp-json\/wp\/v2\/pages\/1485"}],"collection":[{"href":"https:\/\/www.esquisses.eu\/revue\/wp-json\/wp\/v2\/pages"}],"about":[{"href":"https:\/\/www.esquisses.eu\/revue\/wp-json\/wp\/v2\/types\/page"}],"author":[{"embeddable":true,"href":"https:\/\/www.esquisses.eu\/revue\/wp-json\/wp\/v2\/users\/6"}],"replies":[{"embeddable":true,"href":"https:\/\/www.esquisses.eu\/revue\/wp-json\/wp\/v2\/comments?post=1485"}],"version-history":[{"count":25,"href":"https:\/\/www.esquisses.eu\/revue\/wp-json\/wp\/v2\/pages\/1485\/revisions"}],"predecessor-version":[{"id":1645,"href":"https:\/\/www.esquisses.eu\/revue\/wp-json\/wp\/v2\/pages\/1485\/revisions\/1645"}],"up":[{"embeddable":true,"href":"https:\/\/www.esquisses.eu\/revue\/wp-json\/wp\/v2\/pages\/28"}],"wp:attachment":[{"href":"https:\/\/www.esquisses.eu\/revue\/wp-json\/wp\/v2\/media?parent=1485"}],"curies":[{"name":"wp","href":"https:\/\/api.w.org\/{rel}","templated":true}]}}