{"id":16,"date":"2015-06-10T11:03:36","date_gmt":"2015-06-10T10:03:36","guid":{"rendered":"http:\/\/www.esquisses.eu\/revue\/?page_id=16"},"modified":"2024-01-03T15:19:49","modified_gmt":"2024-01-03T14:19:49","slug":"textes-inedits","status":"publish","type":"page","link":"https:\/\/www.esquisses.eu\/revue\/textes-inedits\/","title":{"rendered":"Textes in\u00e9dits"},"content":{"rendered":"<p>Les textes in\u00e9dits sont pour la plupart le prolongement des conf\u00e9rences tenues dans l&rsquo;\u00e9quipe de recherche en esth\u00e9tique au sein de l&rsquo;Universit\u00e9 Paul Val\u00e9ry.<\/p>\n<blockquote class=\"wp-embedded-content\" data-secret=\"3ChqQysO5E\"><p><a href=\"https:\/\/www.esquisses.eu\/revue\/anny-chastang-meduse-ou-la-lettre-interdite-1990\/\">Anny Chastang, M\u00e9duse ou la lettre interdite, 1990<\/a><\/p><\/blockquote>\n<p><iframe class=\"wp-embedded-content\" sandbox=\"allow-scripts\" security=\"restricted\" style=\"position: absolute; clip: rect(1px, 1px, 1px, 1px);\" src=\"https:\/\/www.esquisses.eu\/revue\/anny-chastang-meduse-ou-la-lettre-interdite-1990\/embed\/#?secret=3ChqQysO5E\" data-secret=\"3ChqQysO5E\" width=\"600\" height=\"338\" title=\"\u00ab\u00a0Anny Chastang, M\u00e9duse ou la lettre interdite, 1990\u00a0\u00bb &#8212; Esquisses\" frameborder=\"0\" marginwidth=\"0\" marginheight=\"0\" scrolling=\"no\"><\/iframe><\/p>\n<blockquote class=\"wp-embedded-content\" data-secret=\"P6DBpwUdre\"><p><a href=\"https:\/\/www.esquisses.eu\/revue\/jean-oury-vie-quotidienne-rythme-et-presence-1986\/\">Jean Oury, Vie quotidienne, rythme et pr\u00e9sence, 1986<\/a><\/p><\/blockquote>\n<p><iframe class=\"wp-embedded-content\" sandbox=\"allow-scripts\" security=\"restricted\" style=\"position: absolute; clip: rect(1px, 1px, 1px, 1px);\" src=\"https:\/\/www.esquisses.eu\/revue\/jean-oury-vie-quotidienne-rythme-et-presence-1986\/embed\/#?secret=P6DBpwUdre\" data-secret=\"P6DBpwUdre\" width=\"600\" height=\"338\" title=\"\u00ab\u00a0Jean Oury, Vie quotidienne, rythme et pr\u00e9sence, 1986\u00a0\u00bb &#8212; Esquisses\" frameborder=\"0\" marginwidth=\"0\" marginheight=\"0\" scrolling=\"no\"><\/iframe><\/p>\n<blockquote class=\"wp-embedded-content\" data-secret=\"zALFho1pip\"><p><a href=\"https:\/\/www.esquisses.eu\/revue\/marc-richir-vie-et-mort-en-phenomenologie\/\">Marc Richir, Vie et mort en ph\u00e9nom\u00e9nologie, 1994<\/a><\/p><\/blockquote>\n<p><iframe class=\"wp-embedded-content\" sandbox=\"allow-scripts\" security=\"restricted\" style=\"position: absolute; clip: rect(1px, 1px, 1px, 1px);\" src=\"https:\/\/www.esquisses.eu\/revue\/marc-richir-vie-et-mort-en-phenomenologie\/embed\/#?secret=zALFho1pip\" data-secret=\"zALFho1pip\" width=\"600\" height=\"338\" title=\"\u00ab\u00a0Marc Richir, Vie et mort en ph\u00e9nom\u00e9nologie, 1994\u00a0\u00bb &#8212; Esquisses\" frameborder=\"0\" marginwidth=\"0\" marginheight=\"0\" scrolling=\"no\"><\/iframe><\/p>\n","protected":false},"excerpt":{"rendered":"<p>Les textes in\u00e9dits sont pour la plupart le prolongement des conf\u00e9rences tenues dans l&rsquo;\u00e9quipe de recherche en esth\u00e9tique au sein de l&rsquo;Universit\u00e9 Paul Val\u00e9ry. Anny Chastang, M\u00e9duse ou la lettre interdite, 1990 Jean Oury, Vie quotidienne, rythme et pr\u00e9sence, 1986 Marc Richir, Vie et mort en ph\u00e9nom\u00e9nologie, 1994<\/p>\n","protected":false},"author":6,"featured_media":0,"parent":0,"menu_order":3,"comment_status":"closed","ping_status":"closed","template":"","meta":{"jetpack_post_was_ever_published":false},"jetpack_sharing_enabled":true,"jetpack_shortlink":"https:\/\/wp.me\/P8FFEZ-g","jetpack-related-posts":[{"id":121,"url":"https:\/\/www.esquisses.eu\/revue\/thematique\/presences\/","url_meta":{"origin":16,"position":0},"title":"Pr\u00e9sences","author":"Administrateur","date":"4 f\u00e9vrier 2016","format":false,"excerpt":"Notre revue en ligne, donne \u00e0 travers les textes d\u2019auteurs (chercheurs, universitaires et analystes) une id\u00e9e en mouvement de la pr\u00e9sence comme travers\u00e9e et envoi d\u2019\u00e9criture h\u00e9t\u00e9rog\u00e8ne, qui chacune ouvre des br\u00e8ches, cr\u00e9e des singularit\u00e9s, donne \u00e0 penser. Et si le pr\u00e9sent se d\u00e9cline entre ce qui est et ce\u2026","rel":"","context":"Article similaire","block_context":{"text":"Article similaire","link":""},"img":{"alt_text":"","src":"","width":0,"height":0},"classes":[]},{"id":28,"url":"https:\/\/www.esquisses.eu\/revue\/thematique\/","url_meta":{"origin":16,"position":1},"title":"Th\u00e9matiques","author":"Administrateur","date":"10 juin 2015","format":false,"excerpt":"La page Th\u00e9matiques de cette revue pr\u00e9sente une multiplicit\u00e9 de textes, choisis pour cr\u00e9er un croisement sur un m\u00eame th\u00e8me, un miroir kal\u00e9idoscopique comme autant de visions singuli\u00e8res afin de d\u00e9ployer l'esquisse d'un cheminement transdisciplinaire. Souffle, la septi\u00e8me th\u00e9matique, a inspir\u00e9 musiciens, plasticiens, po\u00e8tes et amis des lettres. Novembre 2025.\u2026","rel":"","context":"Avec 1 commentaire","block_context":{"text":"Avec 1 commentaire","link":"https:\/\/www.esquisses.eu\/revue\/thematique\/#comments"},"img":{"alt_text":"","src":"","width":0,"height":0},"classes":[]},{"id":227,"url":"https:\/\/www.esquisses.eu\/revue\/peripeties\/","url_meta":{"origin":16,"position":2},"title":"P\u00e9rip\u00e9ties","author":"Pauline DESIDERIO","date":"28 avril 2017","format":false,"excerpt":"Les textes de P\u00e9rip\u00e9ties am\u00e8nent \u00e0 des sentiers p\u00e9riph\u00e9riques aux th\u00e9matiques, car ils ne les d\u00e9veloppent pas directement. Or, ils proposent d\u2019autres ouvertures, pertinentes \u00e0 partager au sein de la revue qui est un lieu o\u00f9 se rassemblent les recherches esth\u00e9tiques dans des sujets \u00e9pars. Ces articles restent approuv\u00e9s par\u2026","rel":"","context":"Article similaire","block_context":{"text":"Article similaire","link":""},"img":{"alt_text":"","src":"","width":0,"height":0},"classes":[]},{"id":721,"url":"https:\/\/www.esquisses.eu\/revue\/thematique\/lesquisse-et-lindecis\/","url_meta":{"origin":16,"position":3},"title":"L&rsquo;esquisse et l&rsquo;ind\u00e9cis","author":"Administrateur","date":"23 avril 2020","format":false,"excerpt":"Dans le croisement des recherches men\u00e9es par les doctorants en Esth\u00e9tique \u00e0 l'Universit\u00e9 Paul Val\u00e9ry de Montpellier, il appara\u00eet qu'un th\u00e8me transversal se fait jour autour de la notion d'ind\u00e9cis, notion qui permet d'instaurer un dialogue\u00a0entre\u00a0la peinture, l'installation et la po\u00e9sie. Dans le prolongement de Verlaine pour qui\u00a0ind\u00e9cis et pr\u00e9cis\u2026","rel":"","context":"Article similaire","block_context":{"text":"Article similaire","link":""},"img":{"alt_text":"","src":"https:\/\/i0.wp.com\/www.esquisses.eu\/revue\/wp-content\/uploads\/2020\/04\/Affiche-colloque.jpg?resize=350%2C200&ssl=1","width":350,"height":200},"classes":[]},{"id":223,"url":"https:\/\/www.esquisses.eu\/revue\/thematique\/frontieres-et-limites\/","url_meta":{"origin":16,"position":4},"title":"Fronti\u00e8res et Limites","author":"Administrateur","date":"28 avril 2017","format":false,"excerpt":"Limites et Fronti\u00e8res En les lisant, en les pronon\u00e7ant, ces deux mots laissent aussit\u00f4t \u00e9merger une vision d\u2019emp\u00eachement, d\u2019interdit, de s\u00e9paration et, par ailleurs, ils amorcent d\u00e9j\u00e0 un mouvement contraire et compl\u00e9mentaire, celui de l\u2019incitation, de l\u2019autorisation, d\u2019une transition, du lien entre le moi et l\u2019autre. Ainsi, ce va-et-vient \u00e9claire\u2026","rel":"","context":"Article similaire","block_context":{"text":"Article similaire","link":""},"img":{"alt_text":"","src":"","width":0,"height":0},"classes":[]},{"id":19,"url":"https:\/\/www.esquisses.eu\/revue\/creations\/","url_meta":{"origin":16,"position":5},"title":"Cr\u00e9ations","author":"Pauline DESIDERIO","date":"10 juin 2015","format":false,"excerpt":"Cette rubrique est consacr\u00e9e au geste cr\u00e9atif dans ses expressions multiples tels que l'\u00e9criture po\u00e9tique, la peinture, la sculpture, l'architecture, le dessin... \u00c0 la lisi\u00e8re entre recherche et conception, ces productions ouvrent le champ des questionnements esth\u00e9tiques, esquissent la travers\u00e9e de la pens\u00e9e. D'un mouvement en accomplissement, une subjectivit\u00e9 est\u2026","rel":"","context":"Avec 2 commentaires","block_context":{"text":"Avec 2 commentaires","link":"https:\/\/www.esquisses.eu\/revue\/creations\/#comments"},"img":{"alt_text":"","src":"","width":0,"height":0},"classes":[]}],"_links":{"self":[{"href":"https:\/\/www.esquisses.eu\/revue\/wp-json\/wp\/v2\/pages\/16"}],"collection":[{"href":"https:\/\/www.esquisses.eu\/revue\/wp-json\/wp\/v2\/pages"}],"about":[{"href":"https:\/\/www.esquisses.eu\/revue\/wp-json\/wp\/v2\/types\/page"}],"author":[{"embeddable":true,"href":"https:\/\/www.esquisses.eu\/revue\/wp-json\/wp\/v2\/users\/6"}],"replies":[{"embeddable":true,"href":"https:\/\/www.esquisses.eu\/revue\/wp-json\/wp\/v2\/comments?post=16"}],"version-history":[{"count":6,"href":"https:\/\/www.esquisses.eu\/revue\/wp-json\/wp\/v2\/pages\/16\/revisions"}],"predecessor-version":[{"id":592,"href":"https:\/\/www.esquisses.eu\/revue\/wp-json\/wp\/v2\/pages\/16\/revisions\/592"}],"wp:attachment":[{"href":"https:\/\/www.esquisses.eu\/revue\/wp-json\/wp\/v2\/media?parent=16"}],"curies":[{"name":"wp","href":"https:\/\/api.w.org\/{rel}","templated":true}]}}