{"id":19,"date":"2015-06-10T11:03:47","date_gmt":"2015-06-10T10:03:47","guid":{"rendered":"http:\/\/www.esquisses.eu\/revue\/?page_id=19"},"modified":"2024-10-02T20:01:22","modified_gmt":"2024-10-02T19:01:22","slug":"creations","status":"publish","type":"page","link":"https:\/\/www.esquisses.eu\/revue\/creations\/","title":{"rendered":"Cr\u00e9ations"},"content":{"rendered":"<p>Cette rubrique est consacr\u00e9e au geste cr\u00e9atif dans ses expressions multiples tels que l&rsquo;\u00e9criture po\u00e9tique, la peinture, la sculpture, l&rsquo;architecture, le dessin&#8230; \u00c0 la lisi\u00e8re entre recherche et conception, ces productions ouvrent le champ des questionnements esth\u00e9tiques, esquissent la travers\u00e9e de la pens\u00e9e. D&rsquo;un mouvement en accomplissement, une subjectivit\u00e9 est en train d&rsquo;inscrire sa traduction.<\/p>\n<p><strong><a href=\"https:\/\/www.esquisses.eu\/revue\/tag\/creation\/\">Cr\u00e9ations<\/a> :<\/strong><\/p>\n<p><strong>Meta<\/strong> :<\/p>\n<blockquote class=\"wp-embedded-content\" data-secret=\"lPzxmpHpYm\"><p><a href=\"https:\/\/www.esquisses.eu\/revue\/quand-la-mer-se-retire-adriana-popovic-marie-le-meur\/\">Quand la mer se retire \u2014 Adriana Popovi\u0107 &#038; Marie Le Meur<\/a><\/p><\/blockquote>\n<p><iframe class=\"wp-embedded-content\" sandbox=\"allow-scripts\" security=\"restricted\" style=\"position: absolute; clip: rect(1px, 1px, 1px, 1px);\" title=\"\u00ab\u00a0Quand la mer se retire \u2014 Adriana Popovi\u0107 &#038; Marie Le Meur\u00a0\u00bb &#8212; Esquisses\" src=\"https:\/\/www.esquisses.eu\/revue\/quand-la-mer-se-retire-adriana-popovic-marie-le-meur\/embed\/#?secret=lbrNi7YF2p#?secret=lPzxmpHpYm\" data-secret=\"lPzxmpHpYm\" width=\"600\" height=\"338\" frameborder=\"0\" marginwidth=\"0\" marginheight=\"0\" scrolling=\"no\"><\/iframe><\/p>\n<p><strong>Nuit :<\/strong><\/p>\n<blockquote class=\"wp-embedded-content\" data-secret=\"0nDkOwd4TY\"><p><a href=\"https:\/\/www.esquisses.eu\/revue\/obscure-lumiere-cristina-rap-trihn-lo\/\">Obscure lumi\u00e8re \u2014 Cristina Rap \/ Trihn Lo<\/a><\/p><\/blockquote>\n<p><iframe class=\"wp-embedded-content\" sandbox=\"allow-scripts\" security=\"restricted\" style=\"position: absolute; clip: rect(1px, 1px, 1px, 1px);\" title=\"\u00ab\u00a0Obscure lumi\u00e8re \u2014 Cristina Rap \/ Trihn Lo\u00a0\u00bb &#8212; Esquisses\" src=\"https:\/\/www.esquisses.eu\/revue\/obscure-lumiere-cristina-rap-trihn-lo\/embed\/#?secret=DPJJTvGcZc#?secret=0nDkOwd4TY\" data-secret=\"0nDkOwd4TY\" width=\"600\" height=\"338\" frameborder=\"0\" marginwidth=\"0\" marginheight=\"0\" scrolling=\"no\"><\/iframe><\/p>\n<blockquote class=\"wp-embedded-content\" data-secret=\"J4RCm6RhD5\"><p><a href=\"https:\/\/www.esquisses.eu\/revue\/une-longue-nuit-maeva-gardenat\/\">Une longue nuit \u2014 Ma\u00ebva Gardenat<\/a><\/p><\/blockquote>\n<p><iframe class=\"wp-embedded-content\" sandbox=\"allow-scripts\" security=\"restricted\" style=\"position: absolute; clip: rect(1px, 1px, 1px, 1px);\" title=\"\u00ab\u00a0Une longue nuit \u2014 Ma\u00ebva Gardenat\u00a0\u00bb &#8212; Esquisses\" src=\"https:\/\/www.esquisses.eu\/revue\/une-longue-nuit-maeva-gardenat\/embed\/#?secret=FFzwmiBvd3#?secret=J4RCm6RhD5\" data-secret=\"J4RCm6RhD5\" width=\"600\" height=\"338\" frameborder=\"0\" marginwidth=\"0\" marginheight=\"0\" scrolling=\"no\"><\/iframe><\/p>\n<blockquote class=\"wp-embedded-content\" data-secret=\"ybB3gIjnTy\"><p><a href=\"https:\/\/www.esquisses.eu\/revue\/nuit-esquive-valentine-oncins\/\">Nuit esquive \u2014 Valentine Oncins<\/a><\/p><\/blockquote>\n<p><iframe class=\"wp-embedded-content\" sandbox=\"allow-scripts\" security=\"restricted\" style=\"position: absolute; clip: rect(1px, 1px, 1px, 1px);\" title=\"\u00ab\u00a0Nuit esquive \u2014 Valentine Oncins\u00a0\u00bb &#8212; Esquisses\" src=\"https:\/\/www.esquisses.eu\/revue\/nuit-esquive-valentine-oncins\/embed\/#?secret=r3mYZV3YRN#?secret=ybB3gIjnTy\" data-secret=\"ybB3gIjnTy\" width=\"600\" height=\"338\" frameborder=\"0\" marginwidth=\"0\" marginheight=\"0\" scrolling=\"no\"><\/iframe><\/p>\n<blockquote class=\"wp-embedded-content\" data-secret=\"pbzCIF7RMb\"><p><a href=\"https:\/\/www.esquisses.eu\/revue\/la-nuit-un-scenario-pour-la-lumiere-luis-meyer\/\">La nuit &#8211; un sc\u00e9nario pour la lumi\u00e8re \u2014 Luis Meyer<\/a><\/p><\/blockquote>\n<p><iframe class=\"wp-embedded-content\" sandbox=\"allow-scripts\" security=\"restricted\" style=\"position: absolute; clip: rect(1px, 1px, 1px, 1px);\" title=\"\u00ab\u00a0La nuit &#8211; un sc\u00e9nario pour la lumi\u00e8re \u2014 Luis Meyer\u00a0\u00bb &#8212; Esquisses\" src=\"https:\/\/www.esquisses.eu\/revue\/la-nuit-un-scenario-pour-la-lumiere-luis-meyer\/embed\/#?secret=6tvQWez4jw#?secret=pbzCIF7RMb\" data-secret=\"pbzCIF7RMb\" width=\"600\" height=\"338\" frameborder=\"0\" marginwidth=\"0\" marginheight=\"0\" scrolling=\"no\"><\/iframe><\/p>\n<p><strong>Appara\u00eetre :<\/strong><\/p>\n<blockquote class=\"wp-embedded-content\" data-secret=\"thllKH8vRD\"><p><a href=\"https:\/\/www.esquisses.eu\/revue\/cinq-autoportraits-photographiques-temps-de-lapparaitre-cristina-rap\/\">Cinq autoportraits photographiques -Temps de l&rsquo;Appara\u00eetre \u2014 Cristina Rap<\/a><\/p><\/blockquote>\n<p><iframe class=\"wp-embedded-content\" sandbox=\"allow-scripts\" security=\"restricted\" style=\"position: absolute; clip: rect(1px, 1px, 1px, 1px);\" title=\"\u00ab\u00a0Cinq autoportraits photographiques -Temps de l&rsquo;Appara\u00eetre \u2014 Cristina Rap\u00a0\u00bb &#8212; Esquisses\" src=\"https:\/\/www.esquisses.eu\/revue\/cinq-autoportraits-photographiques-temps-de-lapparaitre-cristina-rap\/embed\/#?secret=xPXDfa3Tbi#?secret=thllKH8vRD\" data-secret=\"thllKH8vRD\" width=\"600\" height=\"338\" frameborder=\"0\" marginwidth=\"0\" marginheight=\"0\" scrolling=\"no\"><\/iframe><\/p>\n<blockquote class=\"wp-embedded-content\" data-secret=\"1YnLvVCPxM\"><p><a href=\"https:\/\/www.esquisses.eu\/revue\/pas-encorps-trinh-lo\/\">Pas encor(ps) \u2014 Trihn Lo<\/a><\/p><\/blockquote>\n<p><iframe class=\"wp-embedded-content\" sandbox=\"allow-scripts\" security=\"restricted\" style=\"position: absolute; clip: rect(1px, 1px, 1px, 1px);\" title=\"\u00ab\u00a0Pas encor(ps) \u2014 Trihn Lo\u00a0\u00bb &#8212; Esquisses\" src=\"https:\/\/www.esquisses.eu\/revue\/pas-encorps-trinh-lo\/embed\/#?secret=9zs5ubBHGO#?secret=1YnLvVCPxM\" data-secret=\"1YnLvVCPxM\" width=\"600\" height=\"338\" frameborder=\"0\" marginwidth=\"0\" marginheight=\"0\" scrolling=\"no\"><\/iframe><\/p>\n<blockquote class=\"wp-embedded-content\" data-secret=\"dyupjcXO6k\"><p><a href=\"https:\/\/www.esquisses.eu\/revue\/apparaitre-par-etre-nour-dhouib\/\">\u00ab Appara\u00eetre par \u00eatre \u00bb \u2014 Nour Dhouib<\/a><\/p><\/blockquote>\n<p><iframe class=\"wp-embedded-content\" sandbox=\"allow-scripts\" security=\"restricted\" style=\"position: absolute; clip: rect(1px, 1px, 1px, 1px);\" title=\"\u00ab\u00a0\u00ab Appara\u00eetre par \u00eatre \u00bb \u2014 Nour Dhouib\u00a0\u00bb &#8212; Esquisses\" src=\"https:\/\/www.esquisses.eu\/revue\/apparaitre-par-etre-nour-dhouib\/embed\/#?secret=HPla1G4ix3#?secret=dyupjcXO6k\" data-secret=\"dyupjcXO6k\" width=\"600\" height=\"338\" frameborder=\"0\" marginwidth=\"0\" marginheight=\"0\" scrolling=\"no\"><\/iframe><\/p>\n<p><strong>Fronti\u00e8res et limites :<\/strong><\/p>\n<blockquote class=\"wp-embedded-content\" data-secret=\"DAlhVCznHO\"><p><a href=\"https:\/\/www.esquisses.eu\/revue\/fractures\/\">Fractures \u2014 Sophie Scheifele<\/a><\/p><\/blockquote>\n<p><iframe class=\"wp-embedded-content\" sandbox=\"allow-scripts\" security=\"restricted\" style=\"position: absolute; clip: rect(1px, 1px, 1px, 1px);\" title=\"\u00ab\u00a0Fractures \u2014 Sophie Scheifele\u00a0\u00bb &#8212; Esquisses\" src=\"https:\/\/www.esquisses.eu\/revue\/fractures\/embed\/#?secret=Q3QifiQOY1#?secret=DAlhVCznHO\" data-secret=\"DAlhVCznHO\" width=\"600\" height=\"338\" frameborder=\"0\" marginwidth=\"0\" marginheight=\"0\" scrolling=\"no\"><\/iframe><\/p>\n<blockquote class=\"wp-embedded-content\" data-secret=\"26HHpoDEmp\"><p><a href=\"https:\/\/www.esquisses.eu\/revue\/le-pas-labordien-cindy-joy-marty\/\">Le pas labordien \u2014 Cindy Joy Marti<\/a><\/p><\/blockquote>\n<p><iframe class=\"wp-embedded-content\" sandbox=\"allow-scripts\" security=\"restricted\" style=\"position: absolute; clip: rect(1px, 1px, 1px, 1px);\" title=\"\u00ab\u00a0Le pas labordien \u2014 Cindy Joy Marti\u00a0\u00bb &#8212; Esquisses\" src=\"https:\/\/www.esquisses.eu\/revue\/le-pas-labordien-cindy-joy-marty\/embed\/#?secret=tIM9dYnAZc#?secret=26HHpoDEmp\" data-secret=\"26HHpoDEmp\" width=\"600\" height=\"338\" frameborder=\"0\" marginwidth=\"0\" marginheight=\"0\" scrolling=\"no\"><\/iframe><\/p>\n<blockquote class=\"wp-embedded-content\" data-secret=\"5fmPSapUAO\"><p><a href=\"https:\/\/www.esquisses.eu\/revue\/y\/\">y \u2014 Trihn Lo<\/a><\/p><\/blockquote>\n<p><iframe class=\"wp-embedded-content\" sandbox=\"allow-scripts\" security=\"restricted\" style=\"position: absolute; clip: rect(1px, 1px, 1px, 1px);\" title=\"\u00ab\u00a0y \u2014 Trihn Lo\u00a0\u00bb &#8212; Esquisses\" src=\"https:\/\/www.esquisses.eu\/revue\/y\/embed\/#?secret=biBZY6LWKe#?secret=5fmPSapUAO\" data-secret=\"5fmPSapUAO\" width=\"600\" height=\"338\" frameborder=\"0\" marginwidth=\"0\" marginheight=\"0\" scrolling=\"no\"><\/iframe><\/p>\n<p><strong>Pr\u00e9sences :<\/strong><\/p>\n<blockquote class=\"wp-embedded-content\" data-secret=\"vtUJ8BbCx4\"><p><a href=\"https:\/\/www.esquisses.eu\/revue\/des-choses-que-je-fais-pauline-desiderio\/\">Des choses que je fais \u2014 Pauline Desiderio<\/a><\/p><\/blockquote>\n<p><iframe class=\"wp-embedded-content\" sandbox=\"allow-scripts\" security=\"restricted\" style=\"position: absolute; clip: rect(1px, 1px, 1px, 1px);\" title=\"\u00ab\u00a0Des choses que je fais \u2014 Pauline Desiderio\u00a0\u00bb &#8212; Esquisses\" src=\"https:\/\/www.esquisses.eu\/revue\/des-choses-que-je-fais-pauline-desiderio\/embed\/#?secret=XSNPfdkvIi#?secret=vtUJ8BbCx4\" data-secret=\"vtUJ8BbCx4\" width=\"600\" height=\"338\" frameborder=\"0\" marginwidth=\"0\" marginheight=\"0\" scrolling=\"no\"><\/iframe><\/p>\n<blockquote class=\"wp-embedded-content\" data-secret=\"l4qMWWRd2D\"><p><a href=\"https:\/\/www.esquisses.eu\/revue\/peindre-la-presence-du-corps-dans-le-geste-le-geste-dans-le-corps\/\">Peindre la pr\u00e9sence du corps dans le geste &#8211; le geste dans le corps \u2014 Ma\u00ebva Gardenat<\/a><\/p><\/blockquote>\n<p><iframe class=\"wp-embedded-content\" sandbox=\"allow-scripts\" security=\"restricted\" style=\"position: absolute; clip: rect(1px, 1px, 1px, 1px);\" title=\"\u00ab\u00a0Peindre la pr\u00e9sence du corps dans le geste &#8211; le geste dans le corps \u2014 Ma\u00ebva Gardenat\u00a0\u00bb &#8212; Esquisses\" src=\"https:\/\/www.esquisses.eu\/revue\/peindre-la-presence-du-corps-dans-le-geste-le-geste-dans-le-corps\/embed\/#?secret=Y8MVpgZzs2#?secret=l4qMWWRd2D\" data-secret=\"l4qMWWRd2D\" width=\"600\" height=\"338\" frameborder=\"0\" marginwidth=\"0\" marginheight=\"0\" scrolling=\"no\"><\/iframe><\/p>\n","protected":false},"excerpt":{"rendered":"<p>Cette rubrique est consacr\u00e9e au geste cr\u00e9atif dans ses expressions multiples tels que l&rsquo;\u00e9criture po\u00e9tique, la peinture, la sculpture, l&rsquo;architecture, le dessin&#8230; \u00c0 la lisi\u00e8re entre recherche et conception, ces productions ouvrent le champ des questionnements esth\u00e9tiques, esquissent la travers\u00e9e de la pens\u00e9e. D&rsquo;un mouvement en accomplissement, une subjectivit\u00e9 est en train d&rsquo;inscrire sa traduction. [&hellip;]<\/p>\n","protected":false},"author":1,"featured_media":0,"parent":0,"menu_order":5,"comment_status":"open","ping_status":"open","template":"","meta":{"jetpack_post_was_ever_published":false},"jetpack_sharing_enabled":true,"jetpack_shortlink":"https:\/\/wp.me\/P8FFEZ-j","jetpack-related-posts":[{"id":28,"url":"https:\/\/www.esquisses.eu\/revue\/thematique\/","url_meta":{"origin":19,"position":0},"title":"Th\u00e9matiques","author":"Administrateur","date":"10 juin 2015","format":false,"excerpt":"La page Th\u00e9matiques de cette revue pr\u00e9sente une multiplicit\u00e9 de textes, choisis pour cr\u00e9er un croisement sur un m\u00eame th\u00e8me, un miroir kal\u00e9idoscopique comme autant de visions singuli\u00e8res afin de d\u00e9ployer l'esquisse d'un cheminement transdisciplinaire. Souffle, la septi\u00e8me th\u00e9matique, a inspir\u00e9 musiciens, plasticiens, po\u00e8tes et amis des lettres. Novembre 2025.\u2026","rel":"","context":"Avec 1 commentaire","block_context":{"text":"Avec 1 commentaire","link":"https:\/\/www.esquisses.eu\/revue\/thematique\/#comments"},"img":{"alt_text":"","src":"","width":0,"height":0},"classes":[]},{"id":121,"url":"https:\/\/www.esquisses.eu\/revue\/thematique\/presences\/","url_meta":{"origin":19,"position":1},"title":"Pr\u00e9sences","author":"Administrateur","date":"4 f\u00e9vrier 2016","format":false,"excerpt":"Notre revue en ligne, donne \u00e0 travers les textes d\u2019auteurs (chercheurs, universitaires et analystes) une id\u00e9e en mouvement de la pr\u00e9sence comme travers\u00e9e et envoi d\u2019\u00e9criture h\u00e9t\u00e9rog\u00e8ne, qui chacune ouvre des br\u00e8ches, cr\u00e9e des singularit\u00e9s, donne \u00e0 penser. Et si le pr\u00e9sent se d\u00e9cline entre ce qui est et ce\u2026","rel":"","context":"Article similaire","block_context":{"text":"Article similaire","link":""},"img":{"alt_text":"","src":"","width":0,"height":0},"classes":[]},{"id":427,"url":"https:\/\/www.esquisses.eu\/revue\/thematique\/apparition\/","url_meta":{"origin":19,"position":2},"title":"Appara\u00eetre","author":"Administrateur","date":"14 septembre 2018","format":false,"excerpt":"Cr\u00e9ations : http:\/\/www.esquisses.eu\/revue\/cinq-autoportraits-photographiques-temps-de-lapparaitre-cristina-rap\/ http:\/\/www.esquisses.eu\/revue\/pas-encorps-trinh-lo\/ http:\/\/www.esquisses.eu\/revue\/?p=520&preview=true \u00a0 \u00a0 PDF de l'appel \u00e0 communication : Les chemins de l'appara\u00eetre","rel":"","context":"Article similaire","block_context":{"text":"Article similaire","link":""},"img":{"alt_text":"","src":"https:\/\/i0.wp.com\/www.esquisses.eu\/revue\/wp-content\/uploads\/2018\/09\/les_-chemins-_de-_l_apparaitre-1024x742.jpg?resize=350%2C200","width":350,"height":200},"classes":[]},{"id":227,"url":"https:\/\/www.esquisses.eu\/revue\/peripeties\/","url_meta":{"origin":19,"position":3},"title":"P\u00e9rip\u00e9ties","author":"Pauline DESIDERIO","date":"28 avril 2017","format":false,"excerpt":"Les textes de P\u00e9rip\u00e9ties am\u00e8nent \u00e0 des sentiers p\u00e9riph\u00e9riques aux th\u00e9matiques, car ils ne les d\u00e9veloppent pas directement. Or, ils proposent d\u2019autres ouvertures, pertinentes \u00e0 partager au sein de la revue qui est un lieu o\u00f9 se rassemblent les recherches esth\u00e9tiques dans des sujets \u00e9pars. Ces articles restent approuv\u00e9s par\u2026","rel":"","context":"Article similaire","block_context":{"text":"Article similaire","link":""},"img":{"alt_text":"","src":"","width":0,"height":0},"classes":[]},{"id":223,"url":"https:\/\/www.esquisses.eu\/revue\/thematique\/frontieres-et-limites\/","url_meta":{"origin":19,"position":4},"title":"Fronti\u00e8res et Limites","author":"Administrateur","date":"28 avril 2017","format":false,"excerpt":"Limites et Fronti\u00e8res En les lisant, en les pronon\u00e7ant, ces deux mots laissent aussit\u00f4t \u00e9merger une vision d\u2019emp\u00eachement, d\u2019interdit, de s\u00e9paration et, par ailleurs, ils amorcent d\u00e9j\u00e0 un mouvement contraire et compl\u00e9mentaire, celui de l\u2019incitation, de l\u2019autorisation, d\u2019une transition, du lien entre le moi et l\u2019autre. Ainsi, ce va-et-vient \u00e9claire\u2026","rel":"","context":"Article similaire","block_context":{"text":"Article similaire","link":""},"img":{"alt_text":"","src":"","width":0,"height":0},"classes":[]},{"id":721,"url":"https:\/\/www.esquisses.eu\/revue\/thematique\/lesquisse-et-lindecis\/","url_meta":{"origin":19,"position":5},"title":"L&rsquo;esquisse et l&rsquo;ind\u00e9cis","author":"Administrateur","date":"23 avril 2020","format":false,"excerpt":"Dans le croisement des recherches men\u00e9es par les doctorants en Esth\u00e9tique \u00e0 l'Universit\u00e9 Paul Val\u00e9ry de Montpellier, il appara\u00eet qu'un th\u00e8me transversal se fait jour autour de la notion d'ind\u00e9cis, notion qui permet d'instaurer un dialogue\u00a0entre\u00a0la peinture, l'installation et la po\u00e9sie. Dans le prolongement de Verlaine pour qui\u00a0ind\u00e9cis et pr\u00e9cis\u2026","rel":"","context":"Article similaire","block_context":{"text":"Article similaire","link":""},"img":{"alt_text":"","src":"https:\/\/i0.wp.com\/www.esquisses.eu\/revue\/wp-content\/uploads\/2020\/04\/Affiche-colloque.jpg?resize=350%2C200&ssl=1","width":350,"height":200},"classes":[]}],"_links":{"self":[{"href":"https:\/\/www.esquisses.eu\/revue\/wp-json\/wp\/v2\/pages\/19"}],"collection":[{"href":"https:\/\/www.esquisses.eu\/revue\/wp-json\/wp\/v2\/pages"}],"about":[{"href":"https:\/\/www.esquisses.eu\/revue\/wp-json\/wp\/v2\/types\/page"}],"author":[{"embeddable":true,"href":"https:\/\/www.esquisses.eu\/revue\/wp-json\/wp\/v2\/users\/1"}],"replies":[{"embeddable":true,"href":"https:\/\/www.esquisses.eu\/revue\/wp-json\/wp\/v2\/comments?post=19"}],"version-history":[{"count":12,"href":"https:\/\/www.esquisses.eu\/revue\/wp-json\/wp\/v2\/pages\/19\/revisions"}],"predecessor-version":[{"id":1643,"href":"https:\/\/www.esquisses.eu\/revue\/wp-json\/wp\/v2\/pages\/19\/revisions\/1643"}],"wp:attachment":[{"href":"https:\/\/www.esquisses.eu\/revue\/wp-json\/wp\/v2\/media?parent=19"}],"curies":[{"name":"wp","href":"https:\/\/api.w.org\/{rel}","templated":true}]}}