{"id":223,"date":"2017-04-28T15:26:14","date_gmt":"2017-04-28T14:26:14","guid":{"rendered":"http:\/\/www.esquisses.eu\/revue\/?page_id=223"},"modified":"2024-01-03T15:20:44","modified_gmt":"2024-01-03T14:20:44","slug":"frontieres-et-limites","status":"publish","type":"page","link":"https:\/\/www.esquisses.eu\/revue\/thematique\/frontieres-et-limites\/","title":{"rendered":"Fronti\u00e8res et Limites"},"content":{"rendered":"<p><em>Limites et Fronti\u00e8res<\/em><\/p>\n<p>En les lisant, en les pronon\u00e7ant, ces deux mots laissent aussit\u00f4t \u00e9merger une vision d\u2019emp\u00eachement, d\u2019interdit, de s\u00e9paration et, par ailleurs, ils amorcent d\u00e9j\u00e0 un mouvement contraire et compl\u00e9mentaire, celui de l\u2019incitation, de l\u2019autorisation, d\u2019une transition, du lien entre le moi et l\u2019autre. Ainsi, ce va-et-vient \u00e9claire l\u2019approche esth\u00e9tique dans le rapport entre le regardeur et l\u2019\u0153uvre, la part que le regardeur met en exergue et la part de l\u2019\u0153uvre comme avenant au regard, l\u2019instant sensible.<\/p>\n<p>Par qui ces limites sont-elles pos\u00e9es, ces fronti\u00e8res dress\u00e9es&nbsp;? Par l\u2019artiste lui-m\u00eame, par celui qui regarde, qui per\u00e7oit, qui re\u00e7oit&nbsp;? Correspondent-elles au d\u00e9but et \u00e0 la fin d\u2019une sensation, \u00e0 l\u2019apparition de l\u2019\u00e9motion \u00e9prouv\u00e9e et \u00e0 son \u00e9vanouissement soudain en pr\u00e9sence ou en l\u2019absence de l\u2019\u0153uvre \u00e9crite, dessin\u00e9e, peinte, sculpt\u00e9e\u2026&nbsp;?<\/p>\n<p>Comment la perception premi\u00e8re peut-elle se heurter au cadre, au mur, s\u2019\u00e9garer dans un paysage d\u00e9vorant, se laisser absorber par une forme d\u00e9form\u00e9e ou par une figure d\u00e9figur\u00e9e&nbsp;? La limite et la fronti\u00e8re se l\u00e8vent-elles aussi naturellement que violemment, lorsque le d\u00e9sir d\u2019acc\u00e9der \u00e0 la forme r\u00e9v\u00e9l\u00e9e, de traverser la figure pour aller du dehors au-dedans ou vice-versa, l\u2019emporte sur la passivit\u00e9&nbsp;? Quels mouvements interviennent dans cette trou\u00e9e, dans cette d\u00e9chirure pour laisser le regard se glisser au-del\u00e0&nbsp;? Se posent \u00e9galement la question de l\u2019espace, celle du temps, des deux conjugu\u00e9s par le regard impliqu\u00e9 dans ce jeu de sensations.<\/p>\n<p>En convoquant des penseurs de divers horizons, en prenant appui et en rebondissant sur des \u00e9nonc\u00e9s originels, cette th\u00e9matique permettra de poursuivre une r\u00e9flexion originale, personnelle, sur la perception et la r\u00e9ception, sur le d\u00e9passement, le contournement et le retournement des limites et des fronti\u00e8res face \u00e0 l\u2019art, de s\u2019interroger sur l\u2019acte volontaire ou pas d\u2019imposer ces obstacles aux regards.<\/p>\n<p>Textes :<\/p>\n<blockquote data-secret=\"h5YSOptwlX\" class=\"wp-embedded-content\"><p><a href=\"https:\/\/www.esquisses.eu\/revue\/a-la-limite-de-lillimite-le-monochrome\/\">\u00c0 la limite de l&rsquo;illimit\u00e9 : le monochrome<\/a><\/p><\/blockquote>\n<p><iframe class=\"wp-embedded-content\" sandbox=\"allow-scripts\" security=\"restricted\" style=\"position: absolute; clip: rect(1px, 1px, 1px, 1px);\" src=\"https:\/\/www.esquisses.eu\/revue\/a-la-limite-de-lillimite-le-monochrome\/embed\/#?secret=h5YSOptwlX\" data-secret=\"h5YSOptwlX\" width=\"600\" height=\"338\" title=\"\u00ab\u00a0\u00c0 la limite de l&rsquo;illimit\u00e9 : le monochrome\u00a0\u00bb &#8212; Esquisses\" frameborder=\"0\" marginwidth=\"0\" marginheight=\"0\" scrolling=\"no\"><\/iframe><\/p>\n<blockquote data-secret=\"N4UTKDrdx2\" class=\"wp-embedded-content\"><p><a href=\"https:\/\/www.esquisses.eu\/revue\/lopposition-parle-chante-et-voix-silence-dans-partage-de-midi-de-paul-claudel\/\">L\u2019opposition parl\u00e9 \/ chant\u00e9 et voix \/ silence dans Partage de midi de Paul Claudel<\/a><\/p><\/blockquote>\n<p><iframe class=\"wp-embedded-content\" sandbox=\"allow-scripts\" security=\"restricted\" style=\"position: absolute; clip: rect(1px, 1px, 1px, 1px);\" src=\"https:\/\/www.esquisses.eu\/revue\/lopposition-parle-chante-et-voix-silence-dans-partage-de-midi-de-paul-claudel\/embed\/#?secret=N4UTKDrdx2\" data-secret=\"N4UTKDrdx2\" width=\"600\" height=\"338\" title=\"\u00ab\u00a0L\u2019opposition parl\u00e9 \/ chant\u00e9 et voix \/ silence dans Partage de midi de Paul Claudel\u00a0\u00bb &#8212; Esquisses\" frameborder=\"0\" marginwidth=\"0\" marginheight=\"0\" scrolling=\"no\"><\/iframe><\/p>\n<blockquote data-secret=\"e0TcknTKtB\" class=\"wp-embedded-content\"><p><a href=\"https:\/\/www.esquisses.eu\/revue\/lexil-et-la-repetition-dans-loeuvre-de-wajdi-mouawad-quelles-limites-et-frontieres\/\">L&rsquo;exil et la r\u00e9petition dans l\u2019\u0153uvre de Wajdi Mouawad, quelles limites et fronti\u00e8res ?<\/a><\/p><\/blockquote>\n<p><iframe class=\"wp-embedded-content\" sandbox=\"allow-scripts\" security=\"restricted\" style=\"position: absolute; clip: rect(1px, 1px, 1px, 1px);\" src=\"https:\/\/www.esquisses.eu\/revue\/lexil-et-la-repetition-dans-loeuvre-de-wajdi-mouawad-quelles-limites-et-frontieres\/embed\/#?secret=e0TcknTKtB\" data-secret=\"e0TcknTKtB\" width=\"600\" height=\"338\" title=\"\u00ab\u00a0L&rsquo;exil et la r\u00e9petition dans l\u2019\u0153uvre de Wajdi Mouawad, quelles limites et fronti\u00e8res ?\u00a0\u00bb &#8212; Esquisses\" frameborder=\"0\" marginwidth=\"0\" marginheight=\"0\" scrolling=\"no\"><\/iframe><\/p>\n<p>Cr\u00e9ations :<\/p>\n<blockquote data-secret=\"yDD3nkwVLo\" class=\"wp-embedded-content\"><p><a href=\"https:\/\/www.esquisses.eu\/revue\/le-pas-labordien-cindy-joy-marty\/\">Le pas labordien &#8211; Cindy Joy Marti<\/a><\/p><\/blockquote>\n<p><iframe class=\"wp-embedded-content\" sandbox=\"allow-scripts\" security=\"restricted\" style=\"position: absolute; clip: rect(1px, 1px, 1px, 1px);\" src=\"https:\/\/www.esquisses.eu\/revue\/le-pas-labordien-cindy-joy-marty\/embed\/#?secret=yDD3nkwVLo\" data-secret=\"yDD3nkwVLo\" width=\"600\" height=\"338\" title=\"\u00ab\u00a0Le pas labordien &#8211; Cindy Joy Marti\u00a0\u00bb &#8212; Esquisses\" frameborder=\"0\" marginwidth=\"0\" marginheight=\"0\" scrolling=\"no\"><\/iframe><\/p>\n<blockquote data-secret=\"d6lxTxkEN4\" class=\"wp-embedded-content\"><p><a href=\"https:\/\/www.esquisses.eu\/revue\/fractures\/\">Fractures<\/a><\/p><\/blockquote>\n<p><iframe class=\"wp-embedded-content\" sandbox=\"allow-scripts\" security=\"restricted\" style=\"position: absolute; clip: rect(1px, 1px, 1px, 1px);\" src=\"https:\/\/www.esquisses.eu\/revue\/fractures\/embed\/#?secret=d6lxTxkEN4\" data-secret=\"d6lxTxkEN4\" width=\"600\" height=\"338\" title=\"\u00ab\u00a0Fractures\u00a0\u00bb &#8212; Esquisses\" frameborder=\"0\" marginwidth=\"0\" marginheight=\"0\" scrolling=\"no\"><\/iframe><\/p>\n<blockquote data-secret=\"Ku62esIIQy\" class=\"wp-embedded-content\"><p><a href=\"https:\/\/www.esquisses.eu\/revue\/y\/\">y<\/a><\/p><\/blockquote>\n<p><iframe class=\"wp-embedded-content\" sandbox=\"allow-scripts\" security=\"restricted\" style=\"position: absolute; clip: rect(1px, 1px, 1px, 1px);\" src=\"https:\/\/www.esquisses.eu\/revue\/y\/embed\/#?secret=Ku62esIIQy\" data-secret=\"Ku62esIIQy\" width=\"600\" height=\"338\" title=\"\u00ab\u00a0y\u00a0\u00bb &#8212; Esquisses\" frameborder=\"0\" marginwidth=\"0\" marginheight=\"0\" scrolling=\"no\"><\/iframe><\/p>\n<p>&nbsp;<\/p>\n","protected":false},"excerpt":{"rendered":"<p>Limites et Fronti\u00e8res En les lisant, en les pronon\u00e7ant, ces deux mots laissent aussit\u00f4t \u00e9merger une vision d\u2019emp\u00eachement, d\u2019interdit, de s\u00e9paration et, par ailleurs, ils amorcent d\u00e9j\u00e0 un mouvement contraire et compl\u00e9mentaire, celui de l\u2019incitation, de l\u2019autorisation, d\u2019une transition, du lien entre le moi et l\u2019autre. Ainsi, ce va-et-vient \u00e9claire l\u2019approche esth\u00e9tique dans le rapport [&hellip;]<\/p>\n","protected":false},"author":6,"featured_media":0,"parent":28,"menu_order":2,"comment_status":"closed","ping_status":"closed","template":"","meta":{"jetpack_post_was_ever_published":false},"jetpack_sharing_enabled":true,"jetpack_shortlink":"https:\/\/wp.me\/P8FFEZ-3B","jetpack-related-posts":[{"id":965,"url":"https:\/\/www.esquisses.eu\/revue\/thematique\/nuit\/","url_meta":{"origin":223,"position":0},"title":"Nuit","author":"Administrateur","date":"6 septembre 2023","format":false,"excerpt":"\u00c0 l'aube d'une nouvelle \u00e9dition de la revue Esquisses, quelques mots de Bernard Salignon pour ouvrir la th\u00e9matique Nuit avant de d\u00e9couvrir les textes et les cr\u00e9ations. La nuit sort d\u2019un \u00e9clair Si le jour nous met dans la finitude concr\u00e8te du monde et des objets que nous voyons, si\u2026","rel":"","context":"Article similaire","block_context":{"text":"Article similaire","link":""},"img":{"alt_text":"","src":"","width":0,"height":0},"classes":[]},{"id":2674,"url":"https:\/\/www.esquisses.eu\/revue\/thematique\/souffle\/","url_meta":{"origin":223,"position":1},"title":"Souffle","author":"Administrateur","date":"10 novembre 2025","format":false,"excerpt":"Esquisses \u2013 en mouvement s'enrichit ce mois de novembre 2025 d'une septi\u00e8me th\u00e9matique\u00a0:\u00a0Souffle. D\u2019une puissance po\u00e9tique certaine, Souffle a inspir\u00e9 autant d\u2019approches cr\u00e9atrices \u2013 po\u00e8mes, sculptures, musique, feuillets d'artiste, photographies \u2013 que d\u2019approches litt\u00e9raires \u2013 \u00e9tudes d\u2019\u00e9critures, analyses d\u2019un roman, d\u2019une pi\u00e8ce de th\u00e9\u00e2tre, d\u2019\u0153uvres po\u00e9tiques. Cette richesse de perspectives\u2026","rel":"","context":"Article similaire","block_context":{"text":"Article similaire","link":""},"img":{"alt_text":"","src":"https:\/\/i0.wp.com\/www.esquisses.eu\/revue\/wp-content\/uploads\/2025\/10\/Fond_blanc-3.png?resize=350%2C200&ssl=1","width":350,"height":200},"classes":[]},{"id":1485,"url":"https:\/\/www.esquisses.eu\/revue\/thematique\/meta-%ce%bc%ce%b5%cf%84%ce%ac\/","url_meta":{"origin":223,"position":2},"title":"Meta, \u03bc\u03b5\u03c4\u03ac","author":"Administrateur","date":"30 septembre 2024","format":false,"excerpt":"Au-del\u00e0, apr\u00e8s Meta, \u03bc\u03b5\u03c4\u03ac est la sixi\u00e8me th\u00e9matique de la revue, pens\u00e9e comme un renouveau \u00e0 l'heure o\u00f9 est retrac\u00e9e une ligne \u00e9ditoriale se voulant toujours plus proche du mouvement en cr\u00e9ation de la pens\u00e9e et revendiquant la pluralit\u00e9 des approches. Si le terme est aujourd'hui \u00e0 la mode, notamment\u2026","rel":"","context":"Article similaire","block_context":{"text":"Article similaire","link":""},"img":{"alt_text":"","src":"https:\/\/i0.wp.com\/www.esquisses.eu\/revue\/wp-content\/uploads\/2023\/08\/Fond_blanc.png?resize=350%2C200&ssl=1","width":350,"height":200},"classes":[]},{"id":4,"url":"https:\/\/www.esquisses.eu\/revue\/presentation\/","url_meta":{"origin":223,"position":3},"title":"Pr\u00e9sentation","author":"Administrateur","date":"10 juin 2015","format":false,"excerpt":"Esquisses, en mouvement Manifeste Une revue en ligne et quelques fois en papierUn espace \u00e0 la crois\u00e9e des chemins inexplor\u00e9s, in(d\u00e9)finis,o\u00f9 viennent s\u2019\u00e9baucher des textes, des \u0153uvres plastiques, musicales,cin\u00e9matographiques, sous toutes leurs formes, dans un geste cr\u00e9atifessentiel, dans le flux qui l\u2019anime.Un espace en miroir, inachev\u00e9, ouvert,o\u00f9 viennent se refl\u00e9ter,\u2026","rel":"","context":"Avec 2 commentaires","block_context":{"text":"Avec 2 commentaires","link":"https:\/\/www.esquisses.eu\/revue\/presentation\/#comments"},"img":{"alt_text":"","src":"","width":0,"height":0},"classes":[]},{"id":28,"url":"https:\/\/www.esquisses.eu\/revue\/thematique\/","url_meta":{"origin":223,"position":4},"title":"Th\u00e9matiques","author":"Administrateur","date":"10 juin 2015","format":false,"excerpt":"La page Th\u00e9matiques de cette revue pr\u00e9sente une multiplicit\u00e9 de textes, choisis pour cr\u00e9er un croisement sur un m\u00eame th\u00e8me, un miroir kal\u00e9idoscopique comme autant de visions singuli\u00e8res afin de d\u00e9ployer l'esquisse d'un cheminement transdisciplinaire. Souffle, la septi\u00e8me th\u00e9matique, a inspir\u00e9 musiciens, plasticiens, po\u00e8tes et amis des lettres. Novembre 2025.\u2026","rel":"","context":"Avec 1 commentaire","block_context":{"text":"Avec 1 commentaire","link":"https:\/\/www.esquisses.eu\/revue\/thematique\/#comments"},"img":{"alt_text":"","src":"","width":0,"height":0},"classes":[]},{"id":721,"url":"https:\/\/www.esquisses.eu\/revue\/thematique\/lesquisse-et-lindecis\/","url_meta":{"origin":223,"position":5},"title":"L&rsquo;esquisse et l&rsquo;ind\u00e9cis","author":"Administrateur","date":"23 avril 2020","format":false,"excerpt":"Dans le croisement des recherches men\u00e9es par les doctorants en Esth\u00e9tique \u00e0 l'Universit\u00e9 Paul Val\u00e9ry de Montpellier, il appara\u00eet qu'un th\u00e8me transversal se fait jour autour de la notion d'ind\u00e9cis, notion qui permet d'instaurer un dialogue\u00a0entre\u00a0la peinture, l'installation et la po\u00e9sie. Dans le prolongement de Verlaine pour qui\u00a0ind\u00e9cis et pr\u00e9cis\u2026","rel":"","context":"Article similaire","block_context":{"text":"Article similaire","link":""},"img":{"alt_text":"","src":"https:\/\/i0.wp.com\/www.esquisses.eu\/revue\/wp-content\/uploads\/2020\/04\/Affiche-colloque.jpg?resize=350%2C200&ssl=1","width":350,"height":200},"classes":[]}],"_links":{"self":[{"href":"https:\/\/www.esquisses.eu\/revue\/wp-json\/wp\/v2\/pages\/223"}],"collection":[{"href":"https:\/\/www.esquisses.eu\/revue\/wp-json\/wp\/v2\/pages"}],"about":[{"href":"https:\/\/www.esquisses.eu\/revue\/wp-json\/wp\/v2\/types\/page"}],"author":[{"embeddable":true,"href":"https:\/\/www.esquisses.eu\/revue\/wp-json\/wp\/v2\/users\/6"}],"replies":[{"embeddable":true,"href":"https:\/\/www.esquisses.eu\/revue\/wp-json\/wp\/v2\/comments?post=223"}],"version-history":[{"count":6,"href":"https:\/\/www.esquisses.eu\/revue\/wp-json\/wp\/v2\/pages\/223\/revisions"}],"predecessor-version":[{"id":747,"href":"https:\/\/www.esquisses.eu\/revue\/wp-json\/wp\/v2\/pages\/223\/revisions\/747"}],"up":[{"embeddable":true,"href":"https:\/\/www.esquisses.eu\/revue\/wp-json\/wp\/v2\/pages\/28"}],"wp:attachment":[{"href":"https:\/\/www.esquisses.eu\/revue\/wp-json\/wp\/v2\/media?parent=223"}],"curies":[{"name":"wp","href":"https:\/\/api.w.org\/{rel}","templated":true}]}}