{"id":227,"date":"2017-04-28T15:33:44","date_gmt":"2017-04-28T14:33:44","guid":{"rendered":"http:\/\/www.esquisses.eu\/revue\/?page_id=227"},"modified":"2024-08-07T11:38:07","modified_gmt":"2024-08-07T10:38:07","slug":"peripeties","status":"publish","type":"page","link":"https:\/\/www.esquisses.eu\/revue\/peripeties\/","title":{"rendered":"P\u00e9rip\u00e9ties"},"content":{"rendered":"<p>Les textes de <em>P\u00e9rip\u00e9ties <\/em>am\u00e8nent \u00e0 des sentiers p\u00e9riph\u00e9riques aux th\u00e9matiques, car ils ne les d\u00e9veloppent pas directement. Or, ils proposent d\u2019autres ouvertures, pertinentes \u00e0 partager au sein de la revue qui est un lieu o\u00f9 se rassemblent les recherches esth\u00e9tiques dans des sujets \u00e9pars.<\/p>\n<p>Ces articles restent approuv\u00e9s par le comit\u00e9 de r\u00e9daction.<\/p>\n<p>Esquisses est un espace de publication ouvert \u00e0 tout \u00e9crit dans le champ de l&rsquo;esth\u00e9tique, au-del\u00e0 des th\u00e9matiques d\u00e9finies. N&rsquo;h\u00e9sitez pas \u00e0 d\u00e9poser vos textes \u00e0 l&rsquo;adresse :&nbsp;<a href=\"mailto:revue@esquisses.eu\">revue@esquisses.eu<\/a>.&nbsp;Le comit\u00e9 de r\u00e9daction \u00e9tudiera chaque proposition.<\/p>\n<p>Articles :<\/p>\n<p><blockquote class=\"wp-embedded-content\" data-secret=\"ZkhR9aqton\"><a href=\"https:\/\/www.esquisses.eu\/revue\/de-la-performance-a-linstallation-vers-une-esthetique-de-lexperimental-lucille-breard\/\">De la performance \u00e0 l&rsquo;installation : vers une esth\u00e9tique de l&rsquo;exp\u00e9rimental &#8211; Lucille Br\u00e9ard<\/a><\/blockquote><iframe class=\"wp-embedded-content\" sandbox=\"allow-scripts\" security=\"restricted\" style=\"position: absolute; clip: rect(1px, 1px, 1px, 1px);\" src=\"https:\/\/www.esquisses.eu\/revue\/de-la-performance-a-linstallation-vers-une-esthetique-de-lexperimental-lucille-breard\/embed\/#?secret=ZkhR9aqton\" data-secret=\"ZkhR9aqton\" width=\"600\" height=\"338\" title=\"\u00ab\u00a0De la performance \u00e0 l&rsquo;installation : vers une esth\u00e9tique de l&rsquo;exp\u00e9rimental &#8211; Lucille Br\u00e9ard\u00a0\u00bb &#8212; Esquisses\" frameborder=\"0\" marginwidth=\"0\" marginheight=\"0\" scrolling=\"no\"><\/iframe><\/p>\n<p><blockquote class=\"wp-embedded-content\" data-secret=\"FkfsLk30ZT\"><a href=\"https:\/\/www.esquisses.eu\/revue\/espaces-phenomenologiques-ou-lexperience-vecue-du-corps-architectural-dans-lesthetique-japonaise-alexandre-melay\/\">Espaces ph\u00e9nom\u00e9nologiques ou l\u2019exp\u00e9rience v\u00e9cue du \u00ab corps architectural \u00bb dans l\u2019esth\u00e9tique japonaise &#8211; Alexandre Melay<\/a><\/blockquote><iframe class=\"wp-embedded-content\" sandbox=\"allow-scripts\" security=\"restricted\" style=\"position: absolute; clip: rect(1px, 1px, 1px, 1px);\" src=\"https:\/\/www.esquisses.eu\/revue\/espaces-phenomenologiques-ou-lexperience-vecue-du-corps-architectural-dans-lesthetique-japonaise-alexandre-melay\/embed\/#?secret=FkfsLk30ZT\" data-secret=\"FkfsLk30ZT\" width=\"600\" height=\"338\" title=\"\u00ab\u00a0Espaces ph\u00e9nom\u00e9nologiques ou l\u2019exp\u00e9rience v\u00e9cue du \u00ab corps architectural \u00bb dans l\u2019esth\u00e9tique japonaise &#8211; Alexandre Melay\u00a0\u00bb &#8212; Esquisses\" frameborder=\"0\" marginwidth=\"0\" marginheight=\"0\" scrolling=\"no\"><\/iframe><\/p>\n<p><blockquote class=\"wp-embedded-content\" data-secret=\"uCpoCN5iD6\"><a href=\"https:\/\/www.esquisses.eu\/revue\/limage-ronde-mylene-duc\/\">L&rsquo;Image ronde &#8211; Myl\u00e8ne Duc<\/a><\/blockquote><iframe class=\"wp-embedded-content\" sandbox=\"allow-scripts\" security=\"restricted\" style=\"position: absolute; clip: rect(1px, 1px, 1px, 1px);\" src=\"https:\/\/www.esquisses.eu\/revue\/limage-ronde-mylene-duc\/embed\/#?secret=uCpoCN5iD6\" data-secret=\"uCpoCN5iD6\" width=\"600\" height=\"338\" title=\"\u00ab\u00a0L&rsquo;Image ronde &#8211; Myl\u00e8ne Duc\u00a0\u00bb &#8212; Esquisses\" frameborder=\"0\" marginwidth=\"0\" marginheight=\"0\" scrolling=\"no\"><\/iframe><\/p>\n<p><blockquote class=\"wp-embedded-content\" data-secret=\"mqbzpKbu9r\"><a href=\"https:\/\/www.esquisses.eu\/revue\/los-comme-support-de-la-relique-a-loeuvre-sculptures-de-caroline-lucotte\/\">L&rsquo;os comme support : de la relique \u00e0 l\u2019\u0153uvre, sculptures de Caroline Lucotte<\/a><\/blockquote><iframe class=\"wp-embedded-content\" sandbox=\"allow-scripts\" security=\"restricted\" style=\"position: absolute; clip: rect(1px, 1px, 1px, 1px);\" src=\"https:\/\/www.esquisses.eu\/revue\/los-comme-support-de-la-relique-a-loeuvre-sculptures-de-caroline-lucotte\/embed\/#?secret=mqbzpKbu9r\" data-secret=\"mqbzpKbu9r\" width=\"600\" height=\"338\" title=\"\u00ab\u00a0L&rsquo;os comme support : de la relique \u00e0 l\u2019\u0153uvre, sculptures de Caroline Lucotte\u00a0\u00bb &#8212; Esquisses\" frameborder=\"0\" marginwidth=\"0\" marginheight=\"0\" scrolling=\"no\"><\/iframe><\/p>\n<p><blockquote class=\"wp-embedded-content\" data-secret=\"sWcjZ4cVkq\"><a href=\"https:\/\/www.esquisses.eu\/revue\/rien-faire-quelque-chose-lartiste-et-le-non-travail\/\">Rien faire quelque chose &#8211; L&rsquo;artiste et le \u00ab\u00a0non-travail\u00a0\u00bb<\/a><\/blockquote><iframe class=\"wp-embedded-content\" sandbox=\"allow-scripts\" security=\"restricted\" style=\"position: absolute; clip: rect(1px, 1px, 1px, 1px);\" src=\"https:\/\/www.esquisses.eu\/revue\/rien-faire-quelque-chose-lartiste-et-le-non-travail\/embed\/#?secret=sWcjZ4cVkq\" data-secret=\"sWcjZ4cVkq\" width=\"600\" height=\"338\" title=\"\u00ab\u00a0Rien faire quelque chose &#8211; L&rsquo;artiste et le \u00ab\u00a0non-travail\u00a0\u00bb\u00a0\u00bb &#8212; Esquisses\" frameborder=\"0\" marginwidth=\"0\" marginheight=\"0\" scrolling=\"no\"><\/iframe><\/p>\n<p><blockquote class=\"wp-embedded-content\" data-secret=\"zQAU8W27n2\"><a href=\"https:\/\/www.esquisses.eu\/revue\/experiences-cinematographiques-du-rien-trois-etudes-de-cas-kubrick-rondepierre-fleische\/\">Exp\u00e9riences cin\u00e9matographiques du rien &#8211; Trois \u00e9tudes de cas : Kubrick, Rondepierre, Fleische<\/a><\/blockquote><iframe class=\"wp-embedded-content\" sandbox=\"allow-scripts\" security=\"restricted\" style=\"position: absolute; clip: rect(1px, 1px, 1px, 1px);\" src=\"https:\/\/www.esquisses.eu\/revue\/experiences-cinematographiques-du-rien-trois-etudes-de-cas-kubrick-rondepierre-fleische\/embed\/#?secret=zQAU8W27n2\" data-secret=\"zQAU8W27n2\" width=\"600\" height=\"338\" title=\"\u00ab\u00a0Exp\u00e9riences cin\u00e9matographiques du rien &#8211; Trois \u00e9tudes de cas : Kubrick, Rondepierre, Fleische\u00a0\u00bb &#8212; Esquisses\" frameborder=\"0\" marginwidth=\"0\" marginheight=\"0\" scrolling=\"no\"><\/iframe><\/p>\n\n\n<figure class=\"wp-block-embed is-type-wp-embed is-provider-esquisses wp-block-embed-esquisses\"><div class=\"wp-block-embed__wrapper\">\n<blockquote class=\"wp-embedded-content\" data-secret=\"ob74TAGMfw\"><a href=\"https:\/\/www.esquisses.eu\/revue\/le-gorille-le-ver-de-terre-la-pieuvre-la-blatteet-miquel-barcelo-etienne-david\/\">Le gorille, le ver de terre, la pieuvre, la blatte\u2026et Miquel Barcel\u00f3 \u2014 \u00c9tienne David<\/a><\/blockquote><iframe class=\"wp-embedded-content\" sandbox=\"allow-scripts\" security=\"restricted\" style=\"position: absolute; clip: rect(1px, 1px, 1px, 1px);\" title=\"\u00ab\u00a0Le gorille, le ver de terre, la pieuvre, la blatte\u2026et Miquel Barcel\u00f3 \u2014 \u00c9tienne David\u00a0\u00bb &#8212; Esquisses\" src=\"https:\/\/www.esquisses.eu\/revue\/le-gorille-le-ver-de-terre-la-pieuvre-la-blatteet-miquel-barcelo-etienne-david\/embed\/#?secret=aSsa4oDzdx#?secret=ob74TAGMfw\" data-secret=\"ob74TAGMfw\" width=\"600\" height=\"338\" frameborder=\"0\" marginwidth=\"0\" marginheight=\"0\" scrolling=\"no\"><\/iframe>\n<\/div><\/figure>\n","protected":false},"excerpt":{"rendered":"<p>Les textes de P\u00e9rip\u00e9ties am\u00e8nent \u00e0 des sentiers p\u00e9riph\u00e9riques aux th\u00e9matiques, car ils ne les d\u00e9veloppent pas directement. Or, ils proposent d\u2019autres ouvertures, pertinentes \u00e0 partager au sein de la revue qui est un lieu o\u00f9 se rassemblent les recherches esth\u00e9tiques dans des sujets \u00e9pars. Ces articles restent approuv\u00e9s par le comit\u00e9 de r\u00e9daction. Esquisses [&hellip;]<\/p>\n","protected":false},"author":1,"featured_media":0,"parent":0,"menu_order":4,"comment_status":"closed","ping_status":"closed","template":"","meta":{"jetpack_post_was_ever_published":false},"jetpack_sharing_enabled":true,"jetpack_shortlink":"https:\/\/wp.me\/P8FFEZ-3F","jetpack-related-posts":[{"id":4,"url":"https:\/\/www.esquisses.eu\/revue\/presentation\/","url_meta":{"origin":227,"position":0},"title":"Pr\u00e9sentation","author":"Administrateur","date":"10 juin 2015","format":false,"excerpt":"Esquisses, en mouvement Manifeste Une revue en ligne et quelques fois en papierUn espace \u00e0 la crois\u00e9e des chemins inexplor\u00e9s, in(d\u00e9)finis,o\u00f9 viennent s\u2019\u00e9baucher des textes, des \u0153uvres plastiques, musicales,cin\u00e9matographiques, sous toutes leurs formes, dans un geste cr\u00e9atifessentiel, dans le flux qui l\u2019anime.Un espace en miroir, inachev\u00e9, ouvert,o\u00f9 viennent se refl\u00e9ter,\u2026","rel":"","context":"Avec 2 commentaires","block_context":{"text":"Avec 2 commentaires","link":"https:\/\/www.esquisses.eu\/revue\/presentation\/#comments"},"img":{"alt_text":"","src":"","width":0,"height":0},"classes":[]},{"id":28,"url":"https:\/\/www.esquisses.eu\/revue\/thematique\/","url_meta":{"origin":227,"position":1},"title":"Th\u00e9matiques","author":"Administrateur","date":"10 juin 2015","format":false,"excerpt":"La page Th\u00e9matiques de cette revue pr\u00e9sente une multiplicit\u00e9 de textes, choisis pour cr\u00e9er un croisement sur un m\u00eame th\u00e8me, un miroir kal\u00e9idoscopique comme autant de visions singuli\u00e8res afin de d\u00e9ployer l'esquisse d'un cheminement transdisciplinaire. Souffle, la septi\u00e8me th\u00e9matique, a inspir\u00e9 musiciens, plasticiens, po\u00e8tes et amis des lettres. Novembre 2025.\u2026","rel":"","context":"Avec 1 commentaire","block_context":{"text":"Avec 1 commentaire","link":"https:\/\/www.esquisses.eu\/revue\/thematique\/#comments"},"img":{"alt_text":"","src":"","width":0,"height":0},"classes":[]},{"id":121,"url":"https:\/\/www.esquisses.eu\/revue\/thematique\/presences\/","url_meta":{"origin":227,"position":2},"title":"Pr\u00e9sences","author":"Administrateur","date":"4 f\u00e9vrier 2016","format":false,"excerpt":"Notre revue en ligne, donne \u00e0 travers les textes d\u2019auteurs (chercheurs, universitaires et analystes) une id\u00e9e en mouvement de la pr\u00e9sence comme travers\u00e9e et envoi d\u2019\u00e9criture h\u00e9t\u00e9rog\u00e8ne, qui chacune ouvre des br\u00e8ches, cr\u00e9e des singularit\u00e9s, donne \u00e0 penser. Et si le pr\u00e9sent se d\u00e9cline entre ce qui est et ce\u2026","rel":"","context":"Article similaire","block_context":{"text":"Article similaire","link":""},"img":{"alt_text":"","src":"","width":0,"height":0},"classes":[]},{"id":16,"url":"https:\/\/www.esquisses.eu\/revue\/textes-inedits\/","url_meta":{"origin":227,"position":3},"title":"Textes in\u00e9dits","author":"Administrateur","date":"10 juin 2015","format":false,"excerpt":"Les textes in\u00e9dits sont pour la plupart le prolongement des conf\u00e9rences tenues dans l'\u00e9quipe de recherche en esth\u00e9tique au sein de l'Universit\u00e9 Paul Val\u00e9ry. http:\/\/www.esquisses.eu\/revue\/anny-chastang-meduse-ou-la-lettre-interdite-1990\/ http:\/\/www.esquisses.eu\/revue\/jean-oury-vie-quotidienne-rythme-et-presence-1986\/ http:\/\/www.esquisses.eu\/revue\/marc-richir-vie-et-mort-en-phenomenologie\/","rel":"","context":"Article similaire","block_context":{"text":"Article similaire","link":""},"img":{"alt_text":"","src":"","width":0,"height":0},"classes":[]},{"id":223,"url":"https:\/\/www.esquisses.eu\/revue\/thematique\/frontieres-et-limites\/","url_meta":{"origin":227,"position":4},"title":"Fronti\u00e8res et Limites","author":"Administrateur","date":"28 avril 2017","format":false,"excerpt":"Limites et Fronti\u00e8res En les lisant, en les pronon\u00e7ant, ces deux mots laissent aussit\u00f4t \u00e9merger une vision d\u2019emp\u00eachement, d\u2019interdit, de s\u00e9paration et, par ailleurs, ils amorcent d\u00e9j\u00e0 un mouvement contraire et compl\u00e9mentaire, celui de l\u2019incitation, de l\u2019autorisation, d\u2019une transition, du lien entre le moi et l\u2019autre. Ainsi, ce va-et-vient \u00e9claire\u2026","rel":"","context":"Article similaire","block_context":{"text":"Article similaire","link":""},"img":{"alt_text":"","src":"","width":0,"height":0},"classes":[]},{"id":721,"url":"https:\/\/www.esquisses.eu\/revue\/thematique\/lesquisse-et-lindecis\/","url_meta":{"origin":227,"position":5},"title":"L&rsquo;esquisse et l&rsquo;ind\u00e9cis","author":"Administrateur","date":"23 avril 2020","format":false,"excerpt":"Dans le croisement des recherches men\u00e9es par les doctorants en Esth\u00e9tique \u00e0 l'Universit\u00e9 Paul Val\u00e9ry de Montpellier, il appara\u00eet qu'un th\u00e8me transversal se fait jour autour de la notion d'ind\u00e9cis, notion qui permet d'instaurer un dialogue\u00a0entre\u00a0la peinture, l'installation et la po\u00e9sie. Dans le prolongement de Verlaine pour qui\u00a0ind\u00e9cis et pr\u00e9cis\u2026","rel":"","context":"Article similaire","block_context":{"text":"Article similaire","link":""},"img":{"alt_text":"","src":"https:\/\/i0.wp.com\/www.esquisses.eu\/revue\/wp-content\/uploads\/2020\/04\/Affiche-colloque.jpg?resize=350%2C200&ssl=1","width":350,"height":200},"classes":[]}],"_links":{"self":[{"href":"https:\/\/www.esquisses.eu\/revue\/wp-json\/wp\/v2\/pages\/227"}],"collection":[{"href":"https:\/\/www.esquisses.eu\/revue\/wp-json\/wp\/v2\/pages"}],"about":[{"href":"https:\/\/www.esquisses.eu\/revue\/wp-json\/wp\/v2\/types\/page"}],"author":[{"embeddable":true,"href":"https:\/\/www.esquisses.eu\/revue\/wp-json\/wp\/v2\/users\/1"}],"replies":[{"embeddable":true,"href":"https:\/\/www.esquisses.eu\/revue\/wp-json\/wp\/v2\/comments?post=227"}],"version-history":[{"count":19,"href":"https:\/\/www.esquisses.eu\/revue\/wp-json\/wp\/v2\/pages\/227\/revisions"}],"predecessor-version":[{"id":1414,"href":"https:\/\/www.esquisses.eu\/revue\/wp-json\/wp\/v2\/pages\/227\/revisions\/1414"}],"wp:attachment":[{"href":"https:\/\/www.esquisses.eu\/revue\/wp-json\/wp\/v2\/media?parent=227"}],"curies":[{"name":"wp","href":"https:\/\/api.w.org\/{rel}","templated":true}]}}