{"id":28,"date":"2015-06-10T11:39:09","date_gmt":"2015-06-10T10:39:09","guid":{"rendered":"http:\/\/www.esquisses.eu\/revue\/?page_id=28"},"modified":"2025-11-10T15:28:30","modified_gmt":"2025-11-10T14:28:30","slug":"thematique","status":"publish","type":"page","link":"https:\/\/www.esquisses.eu\/revue\/thematique\/","title":{"rendered":"Th\u00e9matiques"},"content":{"rendered":"\n<p class=\"has-text-align-justify\">La page <em>Th\u00e9matiques<\/em> de cette revue pr\u00e9sente une multiplicit\u00e9 de textes, choisis pour cr\u00e9er un croisement sur un m\u00eame th\u00e8me, un miroir kal\u00e9idoscopique comme autant de visions singuli\u00e8res afin de d\u00e9ployer l&rsquo;esquisse d&rsquo;un cheminement transdisciplinaire.<\/p>\n\n\n\n<p class=\"has-text-align-justify\">Souffle, la septi\u00e8me th\u00e9matique, a inspir\u00e9 musiciens, plasticiens, po\u00e8tes et amis des lettres. Novembre 2025.<\/p>\n\n\n\n<figure class=\"wp-block-embed is-type-wp-embed is-provider-esquisses wp-block-embed-esquisses\"><div class=\"wp-block-embed__wrapper\">\nhttps:\/\/www.esquisses.eu\/revue\/souffle\/\n<\/div><\/figure>\n\n\n\n<p class=\"has-text-align-justify\">La sixi\u00e8me th\u00e9matique de la revue Esquisses d\u00e9cline le terme Meta, \u03bc\u03b5\u03c4\u03ac. Septembre 2024.<\/p>\n\n\n\n<figure class=\"wp-block-embed is-type-wp-embed is-provider-esquisses wp-block-embed-esquisses\"><div class=\"wp-block-embed__wrapper\">\n<blockquote class=\"wp-embedded-content\" data-secret=\"Zj7mURmkjp\"><a href=\"https:\/\/www.esquisses.eu\/revue\/thematique\/meta-%ce%bc%ce%b5%cf%84%ce%ac\/\">Meta, \u03bc\u03b5\u03c4\u03ac<\/a><\/blockquote><iframe class=\"wp-embedded-content\" sandbox=\"allow-scripts\" security=\"restricted\" style=\"position: absolute; clip: rect(1px, 1px, 1px, 1px);\" title=\"\u00ab\u00a0Meta, \u03bc\u03b5\u03c4\u03ac\u00a0\u00bb &#8212; Esquisses\" src=\"https:\/\/www.esquisses.eu\/revue\/thematique\/meta-%ce%bc%ce%b5%cf%84%ce%ac\/embed\/#?secret=bnjNClMJpr#?secret=Zj7mURmkjp\" data-secret=\"Zj7mURmkjp\" width=\"600\" height=\"338\" frameborder=\"0\" marginwidth=\"0\" marginheight=\"0\" scrolling=\"no\"><\/iframe>\n<\/div><\/figure>\n\n\n\n<p class=\"has-text-align-justify\">La cinqui\u00e8me th\u00e9matique nous plonge dans une exp\u00e9rience litt\u00e9raire, photographique, philosophique et vid\u00e9ographique de la Nuit. Septembre 2023<\/p>\n\n\n\n<p><blockquote class=\"wp-embedded-content\" data-secret=\"sPB9XxyrWN\"><a href=\"https:\/\/www.esquisses.eu\/revue\/thematique\/nuit\/\">Nuit<\/a><\/blockquote><iframe class=\"wp-embedded-content\" sandbox=\"allow-scripts\" security=\"restricted\" style=\"position: absolute; clip: rect(1px, 1px, 1px, 1px);\" title=\"\u00ab\u00a0Nuit\u00a0\u00bb &#8212; Esquisses\" src=\"https:\/\/www.esquisses.eu\/revue\/thematique\/nuit\/embed\/#?secret=r03uojq6CB#?secret=sPB9XxyrWN\" data-secret=\"sPB9XxyrWN\" width=\"600\" height=\"338\" frameborder=\"0\" marginwidth=\"0\" marginheight=\"0\" scrolling=\"no\"><\/iframe><\/p>\n\n\n\n<p class=\"has-text-align-justify\">Les textes de la quatri\u00e8me th\u00e9matique sont issus des interventions qui ont eu lieu lors du colloque \u00ab\u00a0L&rsquo;esquisse et l&rsquo;ind\u00e9cis\u00a0\u00bb les 18 et 19 octobre 2018 \u00e0 l&rsquo;universit\u00e9 Paul Val\u00e9ry Montpellier 3, site Saint-Charles :<\/p>\n\n\n\n<p><blockquote class=\"wp-embedded-content\" data-secret=\"lspDuMsnfC\"><a href=\"https:\/\/www.esquisses.eu\/revue\/thematique\/lesquisse-et-lindecis\/\">L&rsquo;esquisse et l&rsquo;ind\u00e9cis<\/a><\/blockquote><iframe class=\"wp-embedded-content\" sandbox=\"allow-scripts\" security=\"restricted\" style=\"position: absolute; clip: rect(1px, 1px, 1px, 1px);\" title=\"\u00ab\u00a0L&rsquo;esquisse et l&rsquo;ind\u00e9cis\u00a0\u00bb &#8212; Esquisses\" src=\"https:\/\/www.esquisses.eu\/revue\/thematique\/lesquisse-et-lindecis\/embed\/#?secret=dxMB3EoBxk#?secret=lspDuMsnfC\" data-secret=\"lspDuMsnfC\" width=\"600\" height=\"338\" frameborder=\"0\" marginwidth=\"0\" marginheight=\"0\" scrolling=\"no\"><\/iframe><\/p>\n\n\n\n<p class=\"has-text-align-justify\">La troisi\u00e8me th\u00e9matique se d\u00e9cline autour de la question de l&rsquo;Appara\u00eetre.<\/p>\n\n\n\n<p><blockquote class=\"wp-embedded-content\" data-secret=\"PGOEnOPPKn\"><a href=\"https:\/\/www.esquisses.eu\/revue\/thematique\/apparition\/\">Appara\u00eetre<\/a><\/blockquote><iframe class=\"wp-embedded-content\" sandbox=\"allow-scripts\" security=\"restricted\" style=\"position: absolute; clip: rect(1px, 1px, 1px, 1px);\" title=\"\u00ab\u00a0Appara\u00eetre\u00a0\u00bb &#8212; Esquisses\" src=\"https:\/\/www.esquisses.eu\/revue\/thematique\/apparition\/embed\/#?secret=BkDeEzXwCM#?secret=PGOEnOPPKn\" data-secret=\"PGOEnOPPKn\" width=\"600\" height=\"338\" frameborder=\"0\" marginwidth=\"0\" marginheight=\"0\" scrolling=\"no\"><\/iframe><\/p>\n\n\n\n<p class=\"has-text-align-justify\">La deuxi\u00e8me th\u00e9matique nous a amen\u00e9 \u00e0 r\u00e9fl\u00e9chir aux Limites et Fronti\u00e8res.<\/p>\n\n\n\n<p><blockquote class=\"wp-embedded-content\" data-secret=\"3xmLqZZLO8\"><a href=\"https:\/\/www.esquisses.eu\/revue\/thematique\/frontieres-et-limites\/\">Fronti\u00e8res et Limites<\/a><\/blockquote><iframe class=\"wp-embedded-content\" sandbox=\"allow-scripts\" security=\"restricted\" style=\"position: absolute; clip: rect(1px, 1px, 1px, 1px);\" title=\"\u00ab\u00a0Fronti\u00e8res et Limites\u00a0\u00bb &#8212; Esquisses\" src=\"https:\/\/www.esquisses.eu\/revue\/thematique\/frontieres-et-limites\/embed\/#?secret=TuqOo3NsVT#?secret=3xmLqZZLO8\" data-secret=\"3xmLqZZLO8\" width=\"600\" height=\"338\" frameborder=\"0\" marginwidth=\"0\" marginheight=\"0\" scrolling=\"no\"><\/iframe><\/p>\n\n\n\n<p class=\"has-text-align-justify\">La premi\u00e8re th\u00e9matique d\u00e9ploy\u00e9e est Pr\u00e9sences.<\/p>\n\n\n\n<p><blockquote class=\"wp-embedded-content\" data-secret=\"akfeH6CAZa\"><a href=\"https:\/\/www.esquisses.eu\/revue\/thematique\/presences\/\">Pr\u00e9sences<\/a><\/blockquote><iframe class=\"wp-embedded-content\" sandbox=\"allow-scripts\" security=\"restricted\" style=\"position: absolute; clip: rect(1px, 1px, 1px, 1px);\" title=\"\u00ab\u00a0Pr\u00e9sences\u00a0\u00bb &#8212; Esquisses\" src=\"https:\/\/www.esquisses.eu\/revue\/thematique\/presences\/embed\/#?secret=7RRV1p1VvU#?secret=akfeH6CAZa\" data-secret=\"akfeH6CAZa\" width=\"600\" height=\"338\" frameborder=\"0\" marginwidth=\"0\" marginheight=\"0\" scrolling=\"no\"><\/iframe><\/p>\n\n\n\n<h5 class=\"wp-block-heading\"><br><\/h5>\n","protected":false},"excerpt":{"rendered":"<p>La page Th\u00e9matiques de cette revue pr\u00e9sente une multiplicit\u00e9 de textes, choisis pour cr\u00e9er un croisement sur un m\u00eame th\u00e8me, un miroir kal\u00e9idoscopique comme autant de visions singuli\u00e8res afin de d\u00e9ployer l&rsquo;esquisse d&rsquo;un cheminement transdisciplinaire. Souffle, la septi\u00e8me th\u00e9matique, a inspir\u00e9 musiciens, plasticiens, po\u00e8tes et amis des lettres. Novembre 2025. La sixi\u00e8me th\u00e9matique de la [&hellip;]<\/p>\n","protected":false},"author":6,"featured_media":0,"parent":0,"menu_order":2,"comment_status":"open","ping_status":"open","template":"","meta":{"jetpack_post_was_ever_published":false},"jetpack_sharing_enabled":true,"jetpack_shortlink":"https:\/\/wp.me\/P8FFEZ-s","jetpack-related-posts":[{"id":4,"url":"https:\/\/www.esquisses.eu\/revue\/presentation\/","url_meta":{"origin":28,"position":0},"title":"Pr\u00e9sentation","author":"Administrateur","date":"10 juin 2015","format":false,"excerpt":"Esquisses, en mouvement Manifeste Une revue en ligne et quelques fois en papierUn espace \u00e0 la crois\u00e9e des chemins inexplor\u00e9s, in(d\u00e9)finis,o\u00f9 viennent s\u2019\u00e9baucher des textes, des \u0153uvres plastiques, musicales,cin\u00e9matographiques, sous toutes leurs formes, dans un geste cr\u00e9atifessentiel, dans le flux qui l\u2019anime.Un espace en miroir, inachev\u00e9, ouvert,o\u00f9 viennent se refl\u00e9ter,\u2026","rel":"","context":"Avec 2 commentaires","block_context":{"text":"Avec 2 commentaires","link":"https:\/\/www.esquisses.eu\/revue\/presentation\/#comments"},"img":{"alt_text":"","src":"","width":0,"height":0},"classes":[]},{"id":2674,"url":"https:\/\/www.esquisses.eu\/revue\/thematique\/souffle\/","url_meta":{"origin":28,"position":1},"title":"Souffle","author":"Administrateur","date":"10 novembre 2025","format":false,"excerpt":"Esquisses \u2013 en mouvement s'enrichit ce mois de novembre 2025 d'une septi\u00e8me th\u00e9matique\u00a0:\u00a0Souffle. D\u2019une puissance po\u00e9tique certaine, Souffle a inspir\u00e9 autant d\u2019approches cr\u00e9atrices \u2013 po\u00e8mes, sculptures, musique, feuillets d'artiste, photographies \u2013 que d\u2019approches litt\u00e9raires \u2013 \u00e9tudes d\u2019\u00e9critures, analyses d\u2019un roman, d\u2019une pi\u00e8ce de th\u00e9\u00e2tre, d\u2019\u0153uvres po\u00e9tiques. Cette richesse de perspectives\u2026","rel":"","context":"Article similaire","block_context":{"text":"Article similaire","link":""},"img":{"alt_text":"","src":"https:\/\/i0.wp.com\/www.esquisses.eu\/revue\/wp-content\/uploads\/2025\/10\/Fond_blanc-3.png?resize=350%2C200&ssl=1","width":350,"height":200},"classes":[]},{"id":427,"url":"https:\/\/www.esquisses.eu\/revue\/thematique\/apparition\/","url_meta":{"origin":28,"position":2},"title":"Appara\u00eetre","author":"Administrateur","date":"14 septembre 2018","format":false,"excerpt":"Cr\u00e9ations : http:\/\/www.esquisses.eu\/revue\/cinq-autoportraits-photographiques-temps-de-lapparaitre-cristina-rap\/ http:\/\/www.esquisses.eu\/revue\/pas-encorps-trinh-lo\/ http:\/\/www.esquisses.eu\/revue\/?p=520&preview=true \u00a0 \u00a0 PDF de l'appel \u00e0 communication : Les chemins de l'appara\u00eetre","rel":"","context":"Article similaire","block_context":{"text":"Article similaire","link":""},"img":{"alt_text":"","src":"https:\/\/i0.wp.com\/www.esquisses.eu\/revue\/wp-content\/uploads\/2018\/09\/les_-chemins-_de-_l_apparaitre-1024x742.jpg?resize=350%2C200","width":350,"height":200},"classes":[]},{"id":121,"url":"https:\/\/www.esquisses.eu\/revue\/thematique\/presences\/","url_meta":{"origin":28,"position":3},"title":"Pr\u00e9sences","author":"Administrateur","date":"4 f\u00e9vrier 2016","format":false,"excerpt":"Notre revue en ligne, donne \u00e0 travers les textes d\u2019auteurs (chercheurs, universitaires et analystes) une id\u00e9e en mouvement de la pr\u00e9sence comme travers\u00e9e et envoi d\u2019\u00e9criture h\u00e9t\u00e9rog\u00e8ne, qui chacune ouvre des br\u00e8ches, cr\u00e9e des singularit\u00e9s, donne \u00e0 penser. Et si le pr\u00e9sent se d\u00e9cline entre ce qui est et ce\u2026","rel":"","context":"Article similaire","block_context":{"text":"Article similaire","link":""},"img":{"alt_text":"","src":"","width":0,"height":0},"classes":[]},{"id":227,"url":"https:\/\/www.esquisses.eu\/revue\/peripeties\/","url_meta":{"origin":28,"position":4},"title":"P\u00e9rip\u00e9ties","author":"Pauline DESIDERIO","date":"28 avril 2017","format":false,"excerpt":"Les textes de P\u00e9rip\u00e9ties am\u00e8nent \u00e0 des sentiers p\u00e9riph\u00e9riques aux th\u00e9matiques, car ils ne les d\u00e9veloppent pas directement. Or, ils proposent d\u2019autres ouvertures, pertinentes \u00e0 partager au sein de la revue qui est un lieu o\u00f9 se rassemblent les recherches esth\u00e9tiques dans des sujets \u00e9pars. Ces articles restent approuv\u00e9s par\u2026","rel":"","context":"Article similaire","block_context":{"text":"Article similaire","link":""},"img":{"alt_text":"","src":"","width":0,"height":0},"classes":[]},{"id":223,"url":"https:\/\/www.esquisses.eu\/revue\/thematique\/frontieres-et-limites\/","url_meta":{"origin":28,"position":5},"title":"Fronti\u00e8res et Limites","author":"Administrateur","date":"28 avril 2017","format":false,"excerpt":"Limites et Fronti\u00e8res En les lisant, en les pronon\u00e7ant, ces deux mots laissent aussit\u00f4t \u00e9merger une vision d\u2019emp\u00eachement, d\u2019interdit, de s\u00e9paration et, par ailleurs, ils amorcent d\u00e9j\u00e0 un mouvement contraire et compl\u00e9mentaire, celui de l\u2019incitation, de l\u2019autorisation, d\u2019une transition, du lien entre le moi et l\u2019autre. Ainsi, ce va-et-vient \u00e9claire\u2026","rel":"","context":"Article similaire","block_context":{"text":"Article similaire","link":""},"img":{"alt_text":"","src":"","width":0,"height":0},"classes":[]}],"_links":{"self":[{"href":"https:\/\/www.esquisses.eu\/revue\/wp-json\/wp\/v2\/pages\/28"}],"collection":[{"href":"https:\/\/www.esquisses.eu\/revue\/wp-json\/wp\/v2\/pages"}],"about":[{"href":"https:\/\/www.esquisses.eu\/revue\/wp-json\/wp\/v2\/types\/page"}],"author":[{"embeddable":true,"href":"https:\/\/www.esquisses.eu\/revue\/wp-json\/wp\/v2\/users\/6"}],"replies":[{"embeddable":true,"href":"https:\/\/www.esquisses.eu\/revue\/wp-json\/wp\/v2\/comments?post=28"}],"version-history":[{"count":37,"href":"https:\/\/www.esquisses.eu\/revue\/wp-json\/wp\/v2\/pages\/28\/revisions"}],"predecessor-version":[{"id":2825,"href":"https:\/\/www.esquisses.eu\/revue\/wp-json\/wp\/v2\/pages\/28\/revisions\/2825"}],"wp:attachment":[{"href":"https:\/\/www.esquisses.eu\/revue\/wp-json\/wp\/v2\/media?parent=28"}],"curies":[{"name":"wp","href":"https:\/\/api.w.org\/{rel}","templated":true}]}}