{"id":965,"date":"2023-09-06T08:26:00","date_gmt":"2023-09-06T07:26:00","guid":{"rendered":"http:\/\/www.esquisses.eu\/revue\/?page_id=965"},"modified":"2023-09-18T15:20:54","modified_gmt":"2023-09-18T14:20:54","slug":"nuit","status":"publish","type":"page","link":"https:\/\/www.esquisses.eu\/revue\/thematique\/nuit\/","title":{"rendered":"Nuit"},"content":{"rendered":"\n<p class=\"has-text-align-justify\">\u00c0 l&rsquo;aube d&rsquo;une nouvelle \u00e9dition de la revue Esquisses, quelques mots de Bernard Salignon pour ouvrir  la th\u00e9matique <em>Nuit<\/em> avant de d\u00e9couvrir les textes et les cr\u00e9ations. <\/p>\n\n\n\n<h2 class=\"wp-block-heading\">La nuit sort d\u2019un \u00e9clair<\/h2>\n\n\n\n<p class=\"has-text-align-center text-justify: auto\" style=\"font-style:normal;font-weight:300\"><em>Si le jour nous met dans la finitude concr\u00e8te du monde et des objets que nous voyons, si le jour donne aux choses leur \u00eatre ici et l\u00e0, proche ou lointain, la nuit nous plonge dans l\u2019infini o\u00f9 tout dispara\u00eet. Alors nos regards tourn\u00e9s vers le dehors ne voient rien. Rien de revient en repr\u00e9sentation ; tout maintenant est la cons\u00e9quence d\u2019un effacement sans trace. La nuit s\u2019abouche au pr\u00e9sent sans limite, c\u2019est l\u00e0 sa transparence paradoxale. Elle ne cache rien d\u2019autre qu\u2019elle-m\u00eame, elle est toute enti\u00e8re dans le montrer de ce qu\u2019elle voile.<\/em><\/p>\n\n\n\n<p class=\"has-text-align-center text-justify: auto\" style=\"font-style:normal;font-weight:300\"><br><em>Depuis H\u00e9raclite l\u2019Obscur, la nuit et le jour ne s\u2019opposent plus parce que la nuit s\u2019oppose \u00e0 la t\u00e9n\u00e8bre laquelle sort du jour et de la nuit et n\u2019a de sens qu\u2019apr\u00e8s qu\u2019on ait retourn\u00e9 notre regard du ciel et du monde comme pour signifier et dire que l\u2019insupportable question que nous posons depuis les Grecs a travers\u00e9 et la nuit et le jour, mais que la t\u00e9n\u00e8bre garde sans r\u00e9ponse. La t\u00e9n\u00e8bre prend \u00e0 rebours notre solitude elle la perd dans la multitude innombrable, elle provient de ce qui visible efface l\u2019invisible.<br>Alors comment c\u00f4toyer au plus proche le myst\u00e8re dans l\u2019obscur sinon par cette nuit gardienne du sommeil et de la raison o\u00f9 les choses sont dans l\u2019attente du jour pour r\u00e9apparaitre \u00e0 nouveau. La t\u00e9n\u00e8bre serait donc cet absolu qui borde toute naissance et qui d\u00e9borde toute mort ; on pourrait dire de la t\u00e9n\u00e8bre : nous sommes venus et allons. Comme l\u2019\u00e9crit Wang Fanzhi en -600 :<\/em><\/p>\n\n\n\n<blockquote class=\"wp-block-quote\">\n<p class=\"has-text-align-center\" style=\"font-style:normal;font-weight:300\"><em>\u00ab Avant que le ciel ne m\u2019ait donn\u00e9 vie,<br>j\u2019\u00e9tais dans la t\u00e9n\u00e8bre sans conscience ;<br>le ciel soudain m&rsquo;a donn\u00e9 naissance ;<br>il me l&rsquo;a donn\u00e9 pour quoi faire ?<\/em><\/p>\n\n\n\n<p class=\"has-text-align-center\" style=\"font-style:normal;font-weight:300\"><em>Sans habit je ressens le froid ; sans nourriture, j\u2019\u00e9prouve la faim,<br>rendez-moi mon moi au ciel et aux t\u00e9n\u00e8bres,<br>rendez-moi le moi d\u2019avant de na\u00eetre ! \u00bb<\/em><\/p>\n<\/blockquote>\n\n\n\n<p class=\"has-text-align-justify\">C&rsquo;est dans la diversit\u00e9 des approches et des perspectives que nous, le comit\u00e9 de r\u00e9daction d&rsquo;<em>Esquisses \u2013 en mouvement<\/em>, sommes heureux de vous pr\u00e9senter un ensemble d&rsquo;articles autour de la th\u00e9matique de la <em>Nuit<\/em>. Lier la sensibilit\u00e9 plastique, po\u00e9tique et th\u00e9orique en des lieux aussi compl\u00e9mentaires qu&rsquo;oppos\u00e9s, voil\u00e0 notre propos qui s&rsquo;est ainsi articul\u00e9 en une exposition \u00e0 la galerie <a href=\"https:\/\/www.esquisses.eu\/revue\/exposition-nuit-a-la-galerie-pheno-lucille-breard\/\" data-type=\"post\" data-id=\"1116\">Ph\u00e9n(o)<\/a> \u00e0 Montpellier et en une publication en ligne que voici.<\/p>\n\n\n\n<p class=\"has-text-align-justify\">Sans tarder, nous vous invitons \u00e0 d\u00e9couvrir les textes choisis qui pour seuil se trouvent introduits par <em>Un \u00e9clair dans la nuit <\/em>de Bernard Salignon. Dans <em>Les vergers nocturnes<\/em>, Bronwyn Louw nous invite dans une visite litt\u00e9raire, nocturne et v\u00e9g\u00e9tale. Luis Meyer articule un travail narratif et plastique autour de l&rsquo;enjeu de conter la nuit. Puis, H\u00e9l\u00e8ne Kuchmann d\u00e9plie l\u2019\u0153uvre de Liz Deschenes afin d&rsquo;ouvrir le lien entre l&rsquo;\u00e9criture de lumi\u00e8re &#8211; la photographie \u2013 qui op\u00e8re secr\u00e8tement la nuit. Valentine Oncins pratique la photographie, comme autant d&rsquo;instants fugaces expos\u00e9s au flash de l&rsquo;appareil, ou \u00e0 la persistance de la lumi\u00e8re dans l&rsquo;objectif. Marc Courtieu nous offre, lui, une analyse sur les temps limites, les instants de passage entre le jour et la nuit. Ma\u00ebva Gardenat donne \u00e0 voir un r\u00e9cit hypnotique o\u00f9, dans l\u2019espace d\u2019une seule lettre, r\u00e9sonne le temps \u00e9puis\u00e9 d\u2019une nuit sans sommeil. Quant \u00e0 Caio Vinicius Russo Nogueira, son texte nous plonge avec malice dans une pens\u00e9e fulgurante traversant la nuit avec un \u0153uf et quelques lucioles. L&rsquo;\u0153uvre de Cristina Rap et Trihn Lo trouve ici une trace \u00e9crite, silencieuse, de la lumi\u00e8re si d\u00e9sir\u00e9e, toutefois si bless\u00e9e, en nous plongeant dans une nuit int\u00e9rieure. Et finalement Pauline Desiderio nous invite dans une indicible nuit comme fond de la conscience.<\/p>\n\n\n\n<p>Septembre 2023<\/p>\n\n\n\n<p><strong>Pour t\u00e9l\u00e9charger la revue : <\/strong><\/p>\n\n\n\n<div class=\"wp-block-buttons is-layout-flex\">\n<div class=\"wp-block-button\"><a class=\"wp-block-button__link wp-element-button\" href=\"https:\/\/www.esquisses.eu\/revue\/wp-content\/uploads\/2023\/09\/NUIT_Revue_Esquisses_No5-3.pdf\" target=\"_blank\" rel=\"noreferrer noopener\">Nuit, le PDF<\/a><\/div>\n<\/div>\n\n\n\n<p><strong>Lien vers les diff\u00e9rents articles :  <\/strong><\/p>\n\n\n\n<p><em><a rel=\"noreferrer noopener\" href=\"https:\/\/www.esquisses.eu\/revue\/vergers-nocturnes-bronwyn-louw\/\" data-type=\"URL\" data-id=\"https:\/\/www.esquisses.eu\/revue\/vergers-nocturnes-bronwyn-louw\/\" target=\"_blank\">Les vergers nocturnes<\/a> <\/em>de Bronwyn Louw<\/p>\n\n\n\n<p><a rel=\"noreferrer noopener\" href=\"https:\/\/www.esquisses.eu\/revue\/la-photographie-a-lepreuve-de-la-nuit-fps-60-de-liz-deschenes-helene-kuchmann\/\" data-type=\"URL\" data-id=\"https:\/\/www.esquisses.eu\/revue\/la-photographie-a-lepreuve-de-la-nuit-fps-60-de-liz-deschenes-helene-kuchmann\/\" target=\"_blank\"><em>La photographie \u00e0 l&rsquo;\u00e9preuve de la nuit &#8211; Fps 60 de Liz Deschenes <\/em><\/a> de H\u00e9l\u00e8ne Kuchmann <\/p>\n\n\n\n<p><a rel=\"noreferrer noopener\" href=\"https:\/\/www.esquisses.eu\/revue\/aux-frontieres-de-la-nuit-marc-courtieu\/\" data-type=\"URL\" data-id=\"https:\/\/www.esquisses.eu\/revue\/aux-frontieres-de-la-nuit-marc-courtieu\/\" target=\"_blank\"><em>Aux fronti\u00e8res de la nuit<\/em><\/a> de Marc Courtieu<\/p>\n\n\n\n<p><a href=\"https:\/\/www.esquisses.eu\/revue\/ecrire-la-nuit-caio-vinicius-russo-nogueira\/\" data-type=\"URL\" data-id=\"https:\/\/www.esquisses.eu\/revue\/ecrire-la-nuit-caio-vinicius-russo-nogueira\/\"> <em>\u00c9crire, la nuit<\/em><\/a> de Caio Vin\u00edcius Russo Nogueira<\/p>\n\n\n\n<p><a rel=\"noreferrer noopener\" href=\"https:\/\/www.esquisses.eu\/revue\/nuit-de-la-conscience-dapres-deep-me-de-marc-antoine-mathieu-pauline-desiderio\/\" data-type=\"URL\" data-id=\"https:\/\/www.esquisses.eu\/revue\/nuit-de-la-conscience-dapres-deep-me-de-marc-antoine-mathieu-pauline-desiderio\/\" target=\"_blank\"><em>Nuit de la conscience, D&rsquo;apr\u00e8s Deep me de Marc-Antoine Mathieu<\/em><\/a> de Pauline Desiderio<\/p>\n\n\n\n<p><a href=\"https:\/\/www.esquisses.eu\/revue\/obscure-lumiere-cristina-rap-trihn-lo\/\"><em> Obscure lumi\u00e8re<\/em><\/a> de Cristina Rap et Trihn Lo<\/p>\n\n\n\n<p><a rel=\"noreferrer noopener\" href=\"https:\/\/www.esquisses.eu\/revue\/nuit-esquive-valentine-oncins\/\" target=\"_blank\"><em>Nuit-esquive<\/em><\/a> de Valentine Oncins<\/p>\n\n\n\n<p><a rel=\"noreferrer noopener\" href=\"https:\/\/www.esquisses.eu\/revue\/la-nuit-un-scenario-pour-la-lumiere-luis-meyer\/\" target=\"_blank\"><em>La nuit \u2013 un sc\u00e9nario pour la lumi\u00e8re<\/em><\/a> de Luis Meyer<\/p>\n\n\n\n<p><a rel=\"noreferrer noopener\" href=\"https:\/\/www.esquisses.eu\/revue\/?p=1109\" target=\"_blank\"> <em>Une longue nuit<\/em><\/a> de Ma\u00ebva Gardenat<\/p>\n","protected":false},"excerpt":{"rendered":"<p>\u00c0 l&rsquo;aube d&rsquo;une nouvelle \u00e9dition de la revue Esquisses, quelques mots de Bernard Salignon pour ouvrir la th\u00e9matique Nuit avant de d\u00e9couvrir les textes et les cr\u00e9ations. La nuit sort d\u2019un \u00e9clair Si le jour nous met dans la finitude concr\u00e8te du monde et des objets que nous voyons, si le jour donne aux choses [&hellip;]<\/p>\n","protected":false},"author":6,"featured_media":0,"parent":28,"menu_order":1,"comment_status":"closed","ping_status":"closed","template":"","meta":{"jetpack_post_was_ever_published":true},"jetpack_sharing_enabled":true,"jetpack_shortlink":"https:\/\/wp.me\/P8FFEZ-fz","jetpack-related-posts":[{"id":28,"url":"https:\/\/www.esquisses.eu\/revue\/thematique\/","url_meta":{"origin":965,"position":0},"title":"Th\u00e9matiques","author":"Administrateur","date":"10 juin 2015","format":false,"excerpt":"La page Th\u00e9matiques de cette revue pr\u00e9sente une multiplicit\u00e9 de textes, choisis pour cr\u00e9er un croisement sur un m\u00eame th\u00e8me, un miroir kal\u00e9idoscopique comme autant de visions singuli\u00e8res afin de d\u00e9ployer l'esquisse d'un cheminement transdisciplinaire. Souffle, la septi\u00e8me th\u00e9matique, a inspir\u00e9 musiciens, plasticiens, po\u00e8tes et amis des lettres. Novembre 2025.\u2026","rel":"","context":"Avec 1 commentaire","block_context":{"text":"Avec 1 commentaire","link":"https:\/\/www.esquisses.eu\/revue\/thematique\/#comments"},"img":{"alt_text":"","src":"","width":0,"height":0},"classes":[]},{"id":19,"url":"https:\/\/www.esquisses.eu\/revue\/creations\/","url_meta":{"origin":965,"position":1},"title":"Cr\u00e9ations","author":"Pauline DESIDERIO","date":"10 juin 2015","format":false,"excerpt":"Cette rubrique est consacr\u00e9e au geste cr\u00e9atif dans ses expressions multiples tels que l'\u00e9criture po\u00e9tique, la peinture, la sculpture, l'architecture, le dessin... \u00c0 la lisi\u00e8re entre recherche et conception, ces productions ouvrent le champ des questionnements esth\u00e9tiques, esquissent la travers\u00e9e de la pens\u00e9e. D'un mouvement en accomplissement, une subjectivit\u00e9 est\u2026","rel":"","context":"Avec 2 commentaires","block_context":{"text":"Avec 2 commentaires","link":"https:\/\/www.esquisses.eu\/revue\/creations\/#comments"},"img":{"alt_text":"","src":"","width":0,"height":0},"classes":[]},{"id":4,"url":"https:\/\/www.esquisses.eu\/revue\/presentation\/","url_meta":{"origin":965,"position":2},"title":"Pr\u00e9sentation","author":"Administrateur","date":"10 juin 2015","format":false,"excerpt":"Esquisses, en mouvement Manifeste Une revue en ligne et quelques fois en papierUn espace \u00e0 la crois\u00e9e des chemins inexplor\u00e9s, in(d\u00e9)finis,o\u00f9 viennent s\u2019\u00e9baucher des textes, des \u0153uvres plastiques, musicales,cin\u00e9matographiques, sous toutes leurs formes, dans un geste cr\u00e9atifessentiel, dans le flux qui l\u2019anime.Un espace en miroir, inachev\u00e9, ouvert,o\u00f9 viennent se refl\u00e9ter,\u2026","rel":"","context":"Avec 2 commentaires","block_context":{"text":"Avec 2 commentaires","link":"https:\/\/www.esquisses.eu\/revue\/presentation\/#comments"},"img":{"alt_text":"","src":"","width":0,"height":0},"classes":[]},{"id":2674,"url":"https:\/\/www.esquisses.eu\/revue\/thematique\/souffle\/","url_meta":{"origin":965,"position":3},"title":"Souffle","author":"Administrateur","date":"10 novembre 2025","format":false,"excerpt":"Esquisses \u2013 en mouvement s'enrichit ce mois de novembre 2025 d'une septi\u00e8me th\u00e9matique\u00a0:\u00a0Souffle. D\u2019une puissance po\u00e9tique certaine, Souffle a inspir\u00e9 autant d\u2019approches cr\u00e9atrices \u2013 po\u00e8mes, sculptures, musique, feuillets d'artiste, photographies \u2013 que d\u2019approches litt\u00e9raires \u2013 \u00e9tudes d\u2019\u00e9critures, analyses d\u2019un roman, d\u2019une pi\u00e8ce de th\u00e9\u00e2tre, d\u2019\u0153uvres po\u00e9tiques. Cette richesse de perspectives\u2026","rel":"","context":"Article similaire","block_context":{"text":"Article similaire","link":""},"img":{"alt_text":"","src":"https:\/\/i0.wp.com\/www.esquisses.eu\/revue\/wp-content\/uploads\/2025\/10\/Fond_blanc-3.png?resize=350%2C200&ssl=1","width":350,"height":200},"classes":[]},{"id":227,"url":"https:\/\/www.esquisses.eu\/revue\/peripeties\/","url_meta":{"origin":965,"position":4},"title":"P\u00e9rip\u00e9ties","author":"Pauline DESIDERIO","date":"28 avril 2017","format":false,"excerpt":"Les textes de P\u00e9rip\u00e9ties am\u00e8nent \u00e0 des sentiers p\u00e9riph\u00e9riques aux th\u00e9matiques, car ils ne les d\u00e9veloppent pas directement. Or, ils proposent d\u2019autres ouvertures, pertinentes \u00e0 partager au sein de la revue qui est un lieu o\u00f9 se rassemblent les recherches esth\u00e9tiques dans des sujets \u00e9pars. Ces articles restent approuv\u00e9s par\u2026","rel":"","context":"Article similaire","block_context":{"text":"Article similaire","link":""},"img":{"alt_text":"","src":"","width":0,"height":0},"classes":[]},{"id":721,"url":"https:\/\/www.esquisses.eu\/revue\/thematique\/lesquisse-et-lindecis\/","url_meta":{"origin":965,"position":5},"title":"L&rsquo;esquisse et l&rsquo;ind\u00e9cis","author":"Administrateur","date":"23 avril 2020","format":false,"excerpt":"Dans le croisement des recherches men\u00e9es par les doctorants en Esth\u00e9tique \u00e0 l'Universit\u00e9 Paul Val\u00e9ry de Montpellier, il appara\u00eet qu'un th\u00e8me transversal se fait jour autour de la notion d'ind\u00e9cis, notion qui permet d'instaurer un dialogue\u00a0entre\u00a0la peinture, l'installation et la po\u00e9sie. Dans le prolongement de Verlaine pour qui\u00a0ind\u00e9cis et pr\u00e9cis\u2026","rel":"","context":"Article similaire","block_context":{"text":"Article similaire","link":""},"img":{"alt_text":"","src":"https:\/\/i0.wp.com\/www.esquisses.eu\/revue\/wp-content\/uploads\/2020\/04\/Affiche-colloque.jpg?resize=350%2C200&ssl=1","width":350,"height":200},"classes":[]}],"_links":{"self":[{"href":"https:\/\/www.esquisses.eu\/revue\/wp-json\/wp\/v2\/pages\/965"}],"collection":[{"href":"https:\/\/www.esquisses.eu\/revue\/wp-json\/wp\/v2\/pages"}],"about":[{"href":"https:\/\/www.esquisses.eu\/revue\/wp-json\/wp\/v2\/types\/page"}],"author":[{"embeddable":true,"href":"https:\/\/www.esquisses.eu\/revue\/wp-json\/wp\/v2\/users\/6"}],"replies":[{"embeddable":true,"href":"https:\/\/www.esquisses.eu\/revue\/wp-json\/wp\/v2\/comments?post=965"}],"version-history":[{"count":52,"href":"https:\/\/www.esquisses.eu\/revue\/wp-json\/wp\/v2\/pages\/965\/revisions"}],"predecessor-version":[{"id":1298,"href":"https:\/\/www.esquisses.eu\/revue\/wp-json\/wp\/v2\/pages\/965\/revisions\/1298"}],"up":[{"embeddable":true,"href":"https:\/\/www.esquisses.eu\/revue\/wp-json\/wp\/v2\/pages\/28"}],"wp:attachment":[{"href":"https:\/\/www.esquisses.eu\/revue\/wp-json\/wp\/v2\/media?parent=965"}],"curies":[{"name":"wp","href":"https:\/\/api.w.org\/{rel}","templated":true}]}}